{"id":300,"date":"2020-08-05T12:55:37","date_gmt":"2020-08-05T10:55:37","guid":{"rendered":"https:\/\/shop.costersdelpriorat.compolitica-de-cookies-2\/"},"modified":"2020-08-05T12:55:38","modified_gmt":"2020-08-05T10:55:38","slug":"politica-de-cookies-2","status":"publish","type":"page","link":"https:\/\/shop.costersdelpriorat.com\/ca\/politica-de-cookies-2\/","title":{"rendered":"Pol\u00edtica de cookies"},"content":{"rendered":"\n<div style=\"height:40px\" aria-hidden=\"true\" class=\"wp-block-spacer\"><\/div>\n\n<h4 class=\"wp-block-heading\">1. \u00bfQu\u00e9 es una\u00a0<em>cookie<\/em>?<\/h4>\n\n<p>Una &#8220;<em>Cookie<\/em>&#8221; es un peque\u00f1o archivo que se descarga y almacena en el terminal del usuario al acceder a determinadas p\u00e1ginas web. Las &#8220;<em>cookies<\/em>&#8221; archivan informaci\u00f3n sobre el uso que se realiza de un determinado Sitio Web, con la finalidad de ofrecerle un servicio m\u00e1s \u00e1gil y personalizado, al ayudar a mejorar la calidad de nuestra web, permiti\u00e9ndonos conocer qu\u00e9 p\u00e1ginas encuentran nuestros usuarios \u00fatiles y cu\u00e1les no, sus h\u00e1bitos de navegaci\u00f3n y utilizarlo para reconocer a los usuarios.<\/p>\n\n<p>Las\u00a0<em>cookies<\/em>\u00a0son esenciales para el funcionamiento de internet, y aportan muchas ventajas en la prestaci\u00f3n de servicios interactivos, facilitan la navegaci\u00f3n y usabilidad de una p\u00e1gina web. Tenga en cuenta que las\u00a0<em>cookies<\/em>\u00a0no pueden da\u00f1ar su equipo y que, a cambio, el que est\u00e9n activadas nos ayuda a identificar y resolver incidencias.<\/p>\n\n<div style=\"height:20px\" aria-hidden=\"true\" class=\"wp-block-spacer\"><\/div>\n\n<h4 class=\"wp-block-heading\">2. Tipos de\u00a0<em>cookies<\/em><\/h4>\n\n<p>Le informamos de los diferentes tipos de\u00a0<em>cookies<\/em>\u00a0de esta p\u00e1gina web:<\/p>\n\n<ul class=\"wp-block-list\"><li><strong><em>Cookies<\/em>\u00a0de sesi\u00f3n<\/strong>: son\u00a0<em>cookies<\/em>\u00a0temporales que permanecen en el archivo de\u00a0<em>cookies<\/em>\u00a0de su navegador hasta que abandone la p\u00e1gina web, por lo que ninguna queda registrada en el disco duro del usuario. La informaci\u00f3n obtenida por medio de estas\u00a0<em>cookies<\/em>, sirven para analizar pautas de tr\u00e1fico en la web. A la larga, esto nos permite proporcionar una mejor experiencia para mejorar el contenido y facilitando su uso.<\/li><li><strong><em>Cookies<\/em>\u00a0permanentes<\/strong>: son\u00a0<em>cookies<\/em>\u00a0que quedan almacenadas en el terminal y nuestra web las lee cada vez que usted realiza una nueva visita. Una cookie permanente posee una fecha de expiraci\u00f3n determinada. La cookie dejar\u00e1 de funcionar despu\u00e9s de esa fecha.<\/li><li><strong><em>Cookies<\/em>\u00a0propias<\/strong>: Las\u00a0<em>cookies<\/em>\u00a0propias son las que se env\u00edan al equipo terminal del usuario desde un equipo o dominio gestionado por el propio editor y desde el que se presta el servicio solicitado por el usuario.<\/li><li><strong><em>Cookies<\/em>\u00a0anal\u00edticas<\/strong>:\u00a0son las que nos permiten el seguimiento y an\u00e1lisis del comportamiento de los usuarios de la p\u00e1gina web a la que est\u00e1n vinculadas. La informaci\u00f3n recogida mediante este tipo de\u00a0<em>cookies<\/em>\u00a0se utiliza para la elaboraci\u00f3n de perfiles de navegaci\u00f3n de los usuarios, aplicaciones y plataformas, con el fin de introducir mejoras en funci\u00f3n del an\u00e1lisis de los datos de uso que hacen los usuarios del servicio y con el prop\u00f3sito de asegurar un mantenimiento peri\u00f3dico, que garantice el mejor servicio posible al usuario. Es habitual que las p\u00e1ginas web hagan uso de\u00a0<em>cookies<\/em>\u00a0&#8220;anal\u00edticas&#8221; para recopilar datos estad\u00edsticos de la actividad. Esa p\u00e1gina web utiliza concretamente las\u00a0<em>cookies<\/em>\u00a0instaladas por<\/li><\/ul>\n\n<div style=\"height:20px\" aria-hidden=\"true\" class=\"wp-block-spacer\"><\/div>\n\n<h4 class=\"wp-block-heading\">3. Gesti\u00f3n y administraci\u00f3n de cookies<\/h4>\n\n<p>Cualquier usuario puede permitir, bloquear o eliminar las\u00a0<em>cookies<\/em>\u00a0instaladas en su terminal mediante la configuraci\u00f3n de las opciones de navegador instalado en el mismo.<\/p>\n\n<p>Para ajustar los permisos relacionados con las\u00a0<em>cookies<\/em>\u00a0en el Navegador:<\/p>\n\n<ul class=\"wp-block-list\"><li>Para Internet Explorer, haz clic\u00a0<a href=\"http:\/\/windows.microsoft.com\/es-xl\/internet-explorer\/delete-manage-cookies\">aqu\u00ed<\/a><\/li><li>Para Mozilla Firefox, haz clic\u00a0<a href=\"http:\/\/support.mozilla.org\/es\/kb\/cookies-informacion-que-los-sitios-web-guardan-en-\">aqu\u00ed<\/a><\/li><li>Para Mozilla Firefox, haz clic\u00a0<a href=\"https:\/\/support.google.com\/chrome\/answer\/95647?hl=es\">aqu\u00ed<\/a><\/li><li>Para Mozilla Firefox, haz clic\u00a0<a href=\"http:\/\/support.apple.com\/kb\/HT1677?viewlocale=es_ES\">aqu\u00ed<\/a><\/li><\/ul>\n\n<p>En caso de bloquear el uso de\u00a0<em>cookies<\/em>\u00a0en su navegador es posible que no pueda disponer de algunos servicios o funcionalidades de la p\u00e1gina web.<\/p>\n\n<p>Asimismo el registro de las\u00a0<em>cookies<\/em>\u00a0podr\u00e1 estar sujeto a su aceptaci\u00f3n durante la instalaci\u00f3n o puesta al d\u00eda del navegador usado, y esta aceptaci\u00f3n puede en todo momento ser revocada mediante las opciones de configuraci\u00f3n de contenidos y privacidad disponibles.<\/p>\n\n<p>Asimismo el registro de las\u00a0<em>cookies<\/em>\u00a0podr\u00e1 estar sujeto a su aceptaci\u00f3n durante la instalaci\u00f3n o puesta al d\u00eda del navegador usado, y esta aceptaci\u00f3n puede en todo momento ser revocada mediante las opciones de configuraci\u00f3n de contenidos y privacidad disponibles.<\/p>\n\n<p><strong>Importante<\/strong>: Por favor, lea atentamente la secci\u00f3n de ayuda de su navegador para conocer m\u00e1s acerca de c\u00f3mo activar el \u201cmodo privado\u201d. Podr\u00e1 seguir visitando nuestra web aunque su navegador est\u00e9 en \u201cmodo privado\u201d, si bien, su navegaci\u00f3n por nuestra web puede no ser \u00f3ptima y algunas utilidades pueden no funcionar correctamente.<\/p>\n\n<div style=\"height:20px\" aria-hidden=\"true\" class=\"wp-block-spacer\"><\/div>\n\n<h4 class=\"wp-block-heading\">4. Informaci\u00f3n sobre la identificaci\u00f3n del tratamiento de las cookies.<\/h4>\n\n<p>Identificaci\u00f3n de los responsables de las\u00a0<em>cookies<\/em>\u00a0y del tratamiento de los datos obtenidos.<\/p>\n\n<p>NOTA: Peri\u00f3dicamente la presente pol\u00edtica de\u00a0<em>cookies<\/em>\u00a0es revisada y actualizada.<\/p>\n","protected":false},"excerpt":{"rendered":"<p>1. \u00bfQu\u00e9 es una\u00a0cookie? Una &#8220;Cookie&#8221; es un peque\u00f1o archivo que se descarga y almacena en el terminal del usuario al acceder a determinadas p\u00e1ginas web. Las &#8220;cookies&#8221; archivan informaci\u00f3n sobre el uso que se realiza de un determinado Sitio Web, con la finalidad de ofrecerle un servicio m\u00e1s \u00e1gil y personalizado, al ayudar a &hellip; <a href=\"https:\/\/shop.costersdelpriorat.com\/ca\/politica-de-cookies-2\/\">Continued<\/a><\/p>\n","protected":false},"author":1,"featured_media":0,"parent":0,"menu_order":0,"comment_status":"closed","ping_status":"closed","template":"","meta":{"_acf_changed":false,"footnotes":""},"class_list":["post-300","page","type-page","status-publish","hentry"],"acf":[],"_links":{"self":[{"href":"https:\/\/shop.costersdelpriorat.com\/ca\/wp-json\/wp\/v2\/pages\/300","targetHints":{"allow":["GET"]}}],"collection":[{"href":"https:\/\/shop.costersdelpriorat.com\/ca\/wp-json\/wp\/v2\/pages"}],"about":[{"href":"https:\/\/shop.costersdelpriorat.com\/ca\/wp-json\/wp\/v2\/types\/page"}],"author":[{"embeddable":true,"href":"https:\/\/shop.costersdelpriorat.com\/ca\/wp-json\/wp\/v2\/users\/1"}],"replies":[{"embeddable":true,"href":"https:\/\/shop.costersdelpriorat.com\/ca\/wp-json\/wp\/v2\/comments?post=300"}],"version-history":[{"count":1,"href":"https:\/\/shop.costersdelpriorat.com\/ca\/wp-json\/wp\/v2\/pages\/300\/revisions"}],"predecessor-version":[{"id":302,"href":"https:\/\/shop.costersdelpriorat.com\/ca\/wp-json\/wp\/v2\/pages\/300\/revisions\/302"}],"wp:attachment":[{"href":"https:\/\/shop.costersdelpriorat.com\/ca\/wp-json\/wp\/v2\/media?parent=300"}],"curies":[{"name":"wp","href":"https:\/\/api.w.org\/{rel}","templated":true}]}}