{"id":1802,"date":"2023-02-02T11:09:56","date_gmt":"2023-02-02T10:09:56","guid":{"rendered":"https:\/\/shop.costersdelpriorat.com\/productos\/rocafosca\/"},"modified":"2026-01-22T10:05:33","modified_gmt":"2026-01-22T09:05:33","slug":"rocafosca","status":"publish","type":"product","link":"https:\/\/shop.costersdelpriorat.com\/ca\/productes\/rocafosca\/","title":{"rendered":"Rocafosca"},"content":{"rendered":"<p class=\"mar-bot-30\">Equilibri de fruita i mineralitat, de carinyena i garnatxa, de carnositat i de frescor vegetal. Harmonia entre els fruits de les dues grans finques, Mas Alsera a Torroja i Sant Mart\u00ed a Bellmunt: un lligam entre el centre agrest i el sud c\u00e0lid de la comarca. Tot aix\u00f2 \u00e9s Rocafosca, el nostre vi m\u00e9s representatiu i la refer\u00e8ncia per entendre la personalitat de Costers del Priorat. Una benvinguda amable i honesta.<\/p>\n<h2>ELABORACI\u00d3<\/h2>\n<p class=\"mar-bot-30\">Selecci\u00f3 manual, gra a gra. Llevats ind\u00edgenes de la vinya. La vinificaci\u00f3 es porta a terme en dip\u00f2sits d\u2019acer inoxidable i tines de ciment amb una part del ra\u00efm desrapat i una petita part amb la seva rapa. Cada varietat es vinifica per separat per tal d\u2019obtenir el m\u00e0xim potencial expressiu de cada ra\u00efm. La crian\u00e7a es realitza durant un any en fudres de roure d\u2019Eslav\u00f2nia (Cro\u00e0cia) de 3.000 litres, i en \u00e0mfores.<\/p>\n<h2>NOTA DE TAST<\/h2>\n<p>El m\u00f3n de colors i sensacions arom\u00e0tiques que trobem caminant per qualsevol corriol del Priorat es troba concentrat en aquest vi que \u00e9s el mirall de la nostra comarca. Vermell fosc, profunditat, energia i la saviesa dels costers seleccionats. En boca \u00e9s complex, uneix fruites madures, records del matollar mediterrani i tamb\u00e9 una caracter\u00edstica nota aguda i freda, marca de la mineralitat extrema dels s\u00f2ls de llicorella<\/p>\n<h2>GASTRONOMIA<\/h2>\n<p>Les carns fetes a la brasa \u2013de xai, de porc ib\u00e8ric, de bou i vedella\u2013 representen l\u2019harmonia ideal d\u2019aquest vi. Per\u00f2 hi ha altres opcions menys evidents. Per exemple, va molt b\u00e9 amb plats cremosos i amb certa aportaci\u00f3 de greix. Des d\u2019uns canelons de ceps fins a un estofat a base de tonyina o un risotto cl\u00e0ssic.<\/p>\n","protected":false},"excerpt":{"rendered":"<h3 class=\"h3-body no-margin pad-bot-50\">Equilibri de fruita i mineralitat, de carinyena i garnatxa, de carnositat i de frescor vegetal<\/h3>\n<p class=\"mar-bot-30\">Harmonia entre els fruits de les dues grans finques, Mas Alsera a Torroja i Sant Mart\u00ed a Bellmunt: un lligam entre el centre agrest i el sud c\u00e0lid de la comarca. Tot aix\u00f2 \u00e9s Rocafosca, el nostre vi m\u00e9s representatiu i la refer\u00e8ncia per entendre la personalitat de Costers del Priorat. Una benvinguda amable i honesta.<\/p>\n<h5><a href=\"https:\/\/shop.costersdelpriorat.com\/app\/uploads\/2026\/01\/Rocafosca-2022-cat.pdf\" target=\"_blank\" rel=\"noopener noreferrer\">Fitxa t\u00e8cnica<\/a><\/h5>\n<hr>\n<h5 style=\"color:#866a35;\">Distincions<\/h5>\n<div style=\"border-left:4px solid #866a35; padding:12px 14px; margin:18px 0; border-radius:6px; background:white; max-width:100%;\">\n<div style=\"display:flex; align-items:center; gap:12px;\">\n<div style=\"flex:0 0 auto;\">\n<div style=\"background:#866a35; color:#fff; font-weight:bold; padding:6px 10px; border-radius:6px; font-size:13px;\">PREMIAT<\/div>\n<\/p><\/div>\n<div style=\"flex:1;\">\n<div style=\"font-weight:bold; font-size:15px; color:#222;\">Vinous \u2014 m\u00e0xima distinci\u00f3<\/div>\n<\/p><\/div>\n<div style=\"flex:0 0 auto; text-align:right;\">\n<div style=\"font-weight:800; font-size:20px; color:#866a35;\">93<span style=\"font-size:12px; font-weight:bold; margin-left:4px;\">pts<\/span><\/div>\n<div style=\"font-size:11px; color:#666;\">Rocafosca Negre 2022<\/div>\n<\/p><\/div>\n<\/p><\/div>\n<\/div>\n","protected":false},"featured_media":1791,"template":"","meta":{"_acf_changed":false},"product_brand":[],"product_cat":[56],"product_tag":[],"class_list":{"0":"post-1802","1":"product","2":"type-product","3":"status-publish","4":"has-post-thumbnail","6":"product_cat-vins-negres","8":"first","9":"instock","10":"taxable","11":"shipping-taxable","12":"purchasable","13":"product-type-variable","14":"has-default-attributes"},"acf":[],"_links":{"self":[{"href":"https:\/\/shop.costersdelpriorat.com\/ca\/wp-json\/wp\/v2\/product\/1802","targetHints":{"allow":["GET"]}}],"collection":[{"href":"https:\/\/shop.costersdelpriorat.com\/ca\/wp-json\/wp\/v2\/product"}],"about":[{"href":"https:\/\/shop.costersdelpriorat.com\/ca\/wp-json\/wp\/v2\/types\/product"}],"wp:featuredmedia":[{"embeddable":true,"href":"https:\/\/shop.costersdelpriorat.com\/ca\/wp-json\/wp\/v2\/media\/1791"}],"wp:attachment":[{"href":"https:\/\/shop.costersdelpriorat.com\/ca\/wp-json\/wp\/v2\/media?parent=1802"}],"wp:term":[{"taxonomy":"product_brand","embeddable":true,"href":"https:\/\/shop.costersdelpriorat.com\/ca\/wp-json\/wp\/v2\/product_brand?post=1802"},{"taxonomy":"product_cat","embeddable":true,"href":"https:\/\/shop.costersdelpriorat.com\/ca\/wp-json\/wp\/v2\/product_cat?post=1802"},{"taxonomy":"product_tag","embeddable":true,"href":"https:\/\/shop.costersdelpriorat.com\/ca\/wp-json\/wp\/v2\/product_tag?post=1802"}],"curies":[{"name":"wp","href":"https:\/\/api.w.org\/{rel}","templated":true}]}}