{"id":1827,"date":"2023-02-08T10:00:26","date_gmt":"2023-02-08T09:00:26","guid":{"rendered":"https:\/\/shop.costersdelpriorat.com\/productos\/memories-cal-borras\/"},"modified":"2026-01-16T14:22:07","modified_gmt":"2026-01-16T13:22:07","slug":"memories-cal-borras","status":"publish","type":"product","link":"https:\/\/shop.costersdelpriorat.com\/ca\/productes\/memories-cal-borras\/","title":{"rendered":"Mem\u00f2ries Cal Borr\u00e0s"},"content":{"rendered":"<p>Vi ranci amb mares del 1941 provinent de Cal Borr\u00e0s (Bellmunt del Priorat). Des de llavors, tres generacions de la fam\u00edlia Borr\u00e0s han mantingut viu el seu llegat.<\/p>\n","protected":false},"excerpt":{"rendered":"<p>Vi ranci amb mares del 1941 provinent de Cal Borr\u00e0s (Bellmunt del Priorat). Des de llavors, tres generacions de la fam\u00edlia Borr\u00e0s han mantingut viu el seu llegat.<\/p>\n<hr>\n<h5 style=\"color:#866a35;\">Distincions<\/h5>\n<div style=\"border-left:4px solid #866a35; padding:12px 14px; margin:18px 0; border-radius:6px; background:white; max-width:100%;\">\n<div style=\"display:flex; align-items:center; gap:12px;\">\n<div style=\"flex:0 0 auto;\">\n<div style=\"background:#866a35; color:#fff; font-weight:bold; padding:6px 10px; border-radius:6px; font-size:13px;\">PREMIAT<\/div>\n<\/p><\/div>\n<div style=\"flex:1;\">\n<div style=\"font-weight:bold; font-size:15px; color:#222;\">Medalla d\u2019argent en vins oxidatius del Rossell\u00f3 2025<\/div>\n<\/p><\/div>\n<\/p><\/div>\n<\/div>\n","protected":false},"featured_media":1817,"template":"","meta":{"_acf_changed":false},"product_brand":[],"product_cat":[68],"product_tag":[],"class_list":{"0":"post-1827","1":"product","2":"type-product","3":"status-publish","4":"has-post-thumbnail","6":"product_cat-vins-rancis","8":"first","9":"instock","10":"taxable","11":"shipping-taxable","12":"purchasable","13":"product-type-variable","14":"has-default-attributes"},"acf":[],"_links":{"self":[{"href":"https:\/\/shop.costersdelpriorat.com\/ca\/wp-json\/wp\/v2\/product\/1827","targetHints":{"allow":["GET"]}}],"collection":[{"href":"https:\/\/shop.costersdelpriorat.com\/ca\/wp-json\/wp\/v2\/product"}],"about":[{"href":"https:\/\/shop.costersdelpriorat.com\/ca\/wp-json\/wp\/v2\/types\/product"}],"wp:featuredmedia":[{"embeddable":true,"href":"https:\/\/shop.costersdelpriorat.com\/ca\/wp-json\/wp\/v2\/media\/1817"}],"wp:attachment":[{"href":"https:\/\/shop.costersdelpriorat.com\/ca\/wp-json\/wp\/v2\/media?parent=1827"}],"wp:term":[{"taxonomy":"product_brand","embeddable":true,"href":"https:\/\/shop.costersdelpriorat.com\/ca\/wp-json\/wp\/v2\/product_brand?post=1827"},{"taxonomy":"product_cat","embeddable":true,"href":"https:\/\/shop.costersdelpriorat.com\/ca\/wp-json\/wp\/v2\/product_cat?post=1827"},{"taxonomy":"product_tag","embeddable":true,"href":"https:\/\/shop.costersdelpriorat.com\/ca\/wp-json\/wp\/v2\/product_tag?post=1827"}],"curies":[{"name":"wp","href":"https:\/\/api.w.org\/{rel}","templated":true}]}}