{"id":1909,"date":"2023-03-24T10:41:35","date_gmt":"2023-03-24T09:41:35","guid":{"rendered":"https:\/\/shop.costersdelpriorat.com\/productos\/rocafosca-blanc\/"},"modified":"2026-01-22T10:08:58","modified_gmt":"2026-01-22T09:08:58","slug":"rocafosca-blanc","status":"publish","type":"product","link":"https:\/\/shop.costersdelpriorat.com\/ca\/productes\/rocafosca-blanc\/","title":{"rendered":"Rocafosca blanc"},"content":{"rendered":"<p>Escollir els millors ra\u00efms de les varietats blanques significa limitar encara m\u00e9s la seva disponibilitat, escassa ja des d\u2019un principi. Per\u00f2 la recompensa \u00e9s extraordin\u00e0ria: una fruita d\u2019una profunditat i una vida que deixen sense paraules. Rocafosca \u00e9s un compendi d\u2019expressivitat, des de les notes minerals molt pures fins a les subtilitats c\u00edtriques i florals, emmarcades per una naturalesa mediterr\u00e0nia, de m\u00f3n agrest ordenat per la terra, el clima i la hist\u00f2ria d\u2019un conreu pacient. Un vi que \u00e9s la culminaci\u00f3 de moltes energies.<\/p>\n<h2>ELABORACI\u00d3<\/h2>\n<p>Vi brisat durant els 15 dies de fermentaci\u00f3.<\/p>\n<h2>NOTA DE TAST<\/h2>\n<p>En nas trobem la marcada personalitat de la garnatxa blanca prioratina, amb caracter\u00b4sitiques de notes de flor blanca, d\u2019herbes arom\u00e0tiques i pell de fruita. En boca \u00e9s un vi untu\u00f3s amb sabors c\u00edtrics i tocs fumats. El final \u00e9s molt persistent i ofereix un toc de dol\u00e7or que sorpr\u00e8n i enamora.<\/p>\n<h2>GASTRONOMIA<\/h2>\n<p>\u00c9s perfecte com a copa entre hores, com aperitiu i, com acompanyant de plats de mar. Tot i aix\u00ed, ofereix moltes opcions amb receptes menys evidents, com bolets de primavera, xatonades d\u2019hivern o greixoses sardines a la tardor.<\/p>\n","protected":false},"excerpt":{"rendered":"<h3>Rocafosca \u00e9s un compendi d\u2019expressivitat, des de les notes minerals molt pures fins a les subtilitats c\u00edtriques i florals<\/h3>\n<p>Escollir els millors ra\u00efms de les varietats blanques significa limitar encara m\u00e9s la seva disponibilitat, escassa ja des d\u2019un principi. Per\u00f2 la recompensa \u00e9s extraordin\u00e0ria: una fruita d\u2019una profunditat i una vida que deixen sense paraules. Rocafosca \u00e9s un compendi d\u2019expressivitat, des de les notes minerals molt pures fins a les subtilitats c\u00edtriques i florals, emmarcades per una naturalesa mediterr\u00e0nia, de m\u00f3n agrest ordenat per la terra, el clima i la hist\u00f2ria d\u2019un conreu pacient. Un vi que \u00e9s la culminaci\u00f3 de moltes energies.<\/p>\n<h5><a href=\"https:\/\/shop.costersdelpriorat.com\/app\/uploads\/2026\/01\/Rocafosca-blanc-2024-cat.pdf\" target=\"_blank\" rel=\"noopener\">Fitxa t\u00e8cnica<\/a><\/h5>\n<hr>\n<h5 style=\"color:#866a35;\">Distincions<\/h5>\n<div style=\"border-left:4px solid #866a35; padding:12px 14px; margin:18px 0; border-radius:6px; background:white; max-width:100%;\">\n<div style=\"display:flex; align-items:center; gap:12px;\">\n<div style=\"flex:0 0 auto;\">\n<div style=\"background:#866a35; color:#fff; font-weight:bold; padding:6px 10px; border-radius:6px; font-size:13px;\">PREMIAT<\/div>\n<\/p><\/div>\n<div style=\"flex:1;\">\n<div style=\"font-weight:bold; font-size:15px; color:#222;\">Vinous \u2014 m\u00e0xima distinci\u00f3<\/div>\n<\/p><\/div>\n<div style=\"flex:0 0 auto; text-align:right;\">\n<div style=\"font-weight:800; font-size:20px; color:#866a35;\">92<span style=\"font-size:12px; font-weight:bold; margin-left:4px;\">pts<\/span><\/div>\n<div style=\"font-size:11px; color:#666;\">Rocafosca Blanc 2024<\/div>\n<\/p><\/div>\n<\/p><\/div>\n<\/div>\n","protected":false},"featured_media":1904,"template":"","meta":{"_acf_changed":false},"product_brand":[],"product_cat":[55],"product_tag":[],"class_list":{"0":"post-1909","1":"product","2":"type-product","3":"status-publish","4":"has-post-thumbnail","6":"product_cat-vins-blancs","8":"first","9":"instock","10":"taxable","11":"shipping-taxable","12":"purchasable","13":"product-type-variable","14":"has-default-attributes"},"acf":[],"_links":{"self":[{"href":"https:\/\/shop.costersdelpriorat.com\/ca\/wp-json\/wp\/v2\/product\/1909","targetHints":{"allow":["GET"]}}],"collection":[{"href":"https:\/\/shop.costersdelpriorat.com\/ca\/wp-json\/wp\/v2\/product"}],"about":[{"href":"https:\/\/shop.costersdelpriorat.com\/ca\/wp-json\/wp\/v2\/types\/product"}],"wp:featuredmedia":[{"embeddable":true,"href":"https:\/\/shop.costersdelpriorat.com\/ca\/wp-json\/wp\/v2\/media\/1904"}],"wp:attachment":[{"href":"https:\/\/shop.costersdelpriorat.com\/ca\/wp-json\/wp\/v2\/media?parent=1909"}],"wp:term":[{"taxonomy":"product_brand","embeddable":true,"href":"https:\/\/shop.costersdelpriorat.com\/ca\/wp-json\/wp\/v2\/product_brand?post=1909"},{"taxonomy":"product_cat","embeddable":true,"href":"https:\/\/shop.costersdelpriorat.com\/ca\/wp-json\/wp\/v2\/product_cat?post=1909"},{"taxonomy":"product_tag","embeddable":true,"href":"https:\/\/shop.costersdelpriorat.com\/ca\/wp-json\/wp\/v2\/product_tag?post=1909"}],"curies":[{"name":"wp","href":"https:\/\/api.w.org\/{rel}","templated":true}]}}