{"id":326,"date":"2020-06-04T08:29:45","date_gmt":"2020-06-04T06:29:45","guid":{"rendered":"https:\/\/shop.costersdelpriorat.comproduct\/clos-cypres\/"},"modified":"2026-01-22T09:42:40","modified_gmt":"2026-01-22T08:42:40","slug":"vi-negre-clos-cypres","status":"publish","type":"product","link":"https:\/\/shop.costersdelpriorat.com\/ca\/productes\/vi-negre-clos-cypres\/","title":{"rendered":"Clos Cypres"},"content":{"rendered":"<p class=\"mar-bot-30\">Les l\u00ednies ondulades i la verticalitat dels costers de Sant Mart\u00ed dibuixen un contrast atraent. \u00c9s la combinaci\u00f3 de la bravesa i el conreu, de la natura i la cultura vitivin\u00edcola ancestral. I amb Clos Cypres, que homenatja la visi\u00f3 dels xiprers de Bellmunt, volem parlar d\u2019aquest equilibri tan subtil i alhora tan patent. \u00c9s l\u2019expressi\u00f3 de la saviesa de la vinya vella, capa\u00e7 de sublimar l\u2019entorn vegetal i mineral del Priorat m\u00e9s al sud.<\/p>\n<p>&nbsp;<\/p>\n<h2>NOTA DE TAST<\/h2>\n<p class=\"mar-bot-30\">Aquest \u00e9s un vi del sud del Priorat i aix\u00f2 imprimeix una vena viva, c\u00e0lida i fragant al car\u00e0cter seri\u00f3s, profund i enigm\u00e0tic de la vinya vella. Aromes de fruites negres \u2013mores\u2013 i de sotabosc perfumat de notes bals\u00e0miques. La boca \u00e9s extraordin\u00e0riament madura i fresca alhora. Amb una eleg\u00e0ncia natural, talment la visi\u00f3 d\u2019un paisatge on els segles han aconseguit col\u00b7locar-ho tot harmoniosament. \u00c9s com una invitaci\u00f3 que ens fa la natura.<\/p>\n","protected":false},"excerpt":{"rendered":"<h3 class=\"h3-body no-margin pad-bot-50\">Ceps vells dels costers de Sant Mart\u00ed<\/h3>\n<p class=\"mar-bot-30\">Les l\u00ednies ondulades i la verticalitat dels costers de Sant Mart\u00ed dibuixen un contrast atraent. \u00c9s la combinaci\u00f3 de la bravesa i el conreu, de la natura i la cultura vitivin\u00edcola ancestral. I amb Clos Cypres, que homenatja la visi\u00f3 dels xiprers de Bellmunt, volem parlar d\u2019aquest equilibri tan subtil i alhora tan patent. \u00c9s l\u2019expressi\u00f3 de la saviesa de la vinya vella, capa\u00e7 de sublimar l\u2019entorn vegetal i mineral del Priorat m\u00e9s al sud.<\/p>\n<p><!-- INICIO SECCI\u00d3N DE PREMIOS - EL CSS ESTA EN Apariencia \/ Personalizar \/ Css Adicional --><\/p>\n<h3 class=\"premios-titulo\">&#8211; Premis &#8211;<\/h3>\n<div class=\"premios-container\">\n<p>    <!-- Premio 1 --><\/p>\n<div class=\"premio\">\n        <img decoding=\"async\" src=\"https:\/\/shop.costersdelpriorat.com\/app\/uploads\/2024\/11\/thumbnail_image003.jpg\" alt=\"MILLOR CARINYENA NEGRA 2021\" \/><\/p>\n<h6>La Guia de Vins de Catalunya 2025<\/h6>\n<p>&#8220;MILLOR CARINYENA NEGRA 2021&#8221;<\/p>\n<\/p><\/div>\n<p>    <!-- Premio 2 --><\/p>\n<div class=\"premio\">\n        <img decoding=\"async\" src=\"https:\/\/shop.costersdelpriorat.com\/app\/uploads\/2024\/11\/thumbnail_image003.jpg\" alt=\"MILLOR VI NEGRE 2021\" \/><\/p>\n<h6>La Guia de Vins de Catalunya 2025<\/h6>\n<p>&#8220;MILLOR VI NEGRE 2021&#8221;<\/p>\n<\/p><\/div>\n<p>    <!-- Premio (oculto - usar como plantilla) --><br \/>\n    <!--\n    \n\n<div class=\"premio\">\n        <img decoding=\"async\" src=\"imagen o logo del premio\" alt=\"Premio 3\" \/>\n        \n\n<h6>Entidad que da el premio<\/h6>\n\n\n        \n\n<p>Descripci\u00f3n del Premio 3<\/p>\n\n\n    <\/div>\n\n\n    -->\n<\/div>\n<p><!-- FIN DE LA SECCION DE PREMIOS --><\/p>\n<h5><a href=\"https:\/\/shop.costersdelpriorat.com\/app\/uploads\/2026\/01\/Clos-Cypres-2022-cat.pdf\" target=\"_blank\" rel=\"noopener noreferrer\">Fitxa t\u00e8cnica<\/a><\/h5>\n<hr>\n<h5 style=\"color:#866a35;\">Distincions<\/h5>\n<div style=\"border-left:4px solid #866a35; padding:12px 14px; margin:18px 0; border-radius:6px; background:white; max-width:100%;\">\n<div style=\"display:flex; align-items:center; gap:12px;\">\n<div style=\"flex:0 0 auto;\">\n<div style=\"background:#866a35; color:#fff; font-weight:bold; padding:6px 10px; border-radius:6px; font-size:13px;\">PREMIAT<\/div>\n<\/p><\/div>\n<div style=\"flex:1;\">\n<div style=\"font-weight:bold; font-size:15px; color:#222;\">Vinous \u2014 m\u00e0xima distinci\u00f3<\/div>\n<\/p><\/div>\n<div style=\"flex:0 0 auto; text-align:right;\">\n<div style=\"font-weight:800; font-size:20px; color:#866a35;\">94<span style=\"font-size:12px; font-weight:bold; margin-left:4px;\">pts<\/span><\/div>\n<div style=\"font-size:11px; color:#666;\">Clos Cypres 2022<\/div>\n<\/p><\/div>\n<\/p><\/div>\n<\/div>\n","protected":false},"featured_media":216,"template":"","meta":{"_acf_changed":false},"product_brand":[],"product_cat":[56],"product_tag":[],"class_list":{"0":"post-326","1":"product","2":"type-product","3":"status-publish","4":"has-post-thumbnail","6":"product_cat-vins-negres","8":"first","9":"instock","10":"taxable","11":"shipping-taxable","12":"purchasable","13":"product-type-variable","14":"has-default-attributes"},"acf":[],"_links":{"self":[{"href":"https:\/\/shop.costersdelpriorat.com\/ca\/wp-json\/wp\/v2\/product\/326","targetHints":{"allow":["GET"]}}],"collection":[{"href":"https:\/\/shop.costersdelpriorat.com\/ca\/wp-json\/wp\/v2\/product"}],"about":[{"href":"https:\/\/shop.costersdelpriorat.com\/ca\/wp-json\/wp\/v2\/types\/product"}],"wp:featuredmedia":[{"embeddable":true,"href":"https:\/\/shop.costersdelpriorat.com\/ca\/wp-json\/wp\/v2\/media\/216"}],"wp:attachment":[{"href":"https:\/\/shop.costersdelpriorat.com\/ca\/wp-json\/wp\/v2\/media?parent=326"}],"wp:term":[{"taxonomy":"product_brand","embeddable":true,"href":"https:\/\/shop.costersdelpriorat.com\/ca\/wp-json\/wp\/v2\/product_brand?post=326"},{"taxonomy":"product_cat","embeddable":true,"href":"https:\/\/shop.costersdelpriorat.com\/ca\/wp-json\/wp\/v2\/product_cat?post=326"},{"taxonomy":"product_tag","embeddable":true,"href":"https:\/\/shop.costersdelpriorat.com\/ca\/wp-json\/wp\/v2\/product_tag?post=326"}],"curies":[{"name":"wp","href":"https:\/\/api.w.org\/{rel}","templated":true}]}}