{"id":329,"date":"2020-06-04T08:27:15","date_gmt":"2020-06-04T06:27:15","guid":{"rendered":"https:\/\/shop.costersdelpriorat.comproduct\/pissarres\/"},"modified":"2026-01-22T10:01:33","modified_gmt":"2026-01-22T09:01:33","slug":"vi-negre-pissarres","status":"publish","type":"product","link":"https:\/\/shop.costersdelpriorat.com\/ca\/productes\/vi-negre-pissarres\/","title":{"rendered":"Pissarres"},"content":{"rendered":"<p class=\"mar-bot-30\">Equilibri de fruita i mineralitat, de sams\u00f3 i garnatxa, de carnositat i de frescor vegetal. Harmonia entre els fruits de les dues grans finques, Mas Alsera a Torroja i Sant Mart\u00ed a Bellmunt: un lligam entre el centre agrest i el sud c\u00e0lid de la comarca. Tot aix\u00f2 \u00e9s Pissarres, el nostre vi m\u00e9s representatiu i la refer\u00e8ncia per entendre la personalitat de Costers del Priorat. Una benvinguda amable i honesta.<\/p>\n<p>&nbsp;<\/p>\n<h2>NOTA DE TAST<\/h2>\n<p class=\"mar-bot-30\">El m\u00f3n de colors i sensacions arom\u00e0tiques que trobem caminant per qualsevol corriol del Priorat es troba concentrat en aquest vi que \u00e9s el mirall de la nostra comarca. Vermell fosc, profunditat, energia i la saviesa dels costers seleccionats. En boca \u00e9s complex, uneix fruites madures, records del matollar mediterrani i tamb\u00e9 una caracter\u00edstica nota aguda i freda, marca de la mineralitat extrema dels s\u00f2ls de llicorella.<\/p>\n","protected":false},"excerpt":{"rendered":"<h3 class=\"h3-body no-margin pad-bot-50\">L&#8217;harmonia del nostre Priorat<\/h3>\n<p>Equilibri de fruita i mineralitat, de sams\u00f3 i garnatxa, de carnositat i de frescor vegetal. Harmonia entre els fruits de les dues grans finques, Mas Alsera a Torroja i Sant Mart\u00ed a Bellmunt: un lligam entre el centre agrest i el sud c\u00e0lid de la comarca. Tot aix\u00f2 \u00e9s Pissarres, el nostre vi m\u00e9s representatiu i la refer\u00e8ncia per entendre la personalitat de Costers del Priorat. Una benvinguda amable i honesta.<\/p>\n<h5><a href=\"https:\/\/shop.costersdelpriorat.com\/app\/uploads\/2026\/01\/Pissarres-2023-cat.pdf\" target=\"_blank\" rel=\"noopener noreferrer\">Fitxa t\u00e8cnica<\/a><\/h5>\n<hr>\n<h5 style=\"color:#866a35;\">Distincions<\/h5>\n<div style=\"border-left:4px solid #866a35; padding:12px 14px; margin:18px 0; border-radius:6px; background:white; max-width:100%;\">\n<div style=\"display:flex; align-items:center; gap:12px;\">\n<div style=\"flex:0 0 auto;\">\n<div style=\"background:#866a35; color:#fff; font-weight:bold; padding:6px 10px; border-radius:6px; font-size:13px;\">PREMIAT<\/div>\n<\/p><\/div>\n<div style=\"flex:1;\">\n<div style=\"font-weight:bold; font-size:15px; color:#222;\">Vinous \u2014 m\u00e0xima distinci\u00f3<\/div>\n<\/p><\/div>\n<div style=\"flex:0 0 auto; text-align:right;\">\n<div style=\"font-weight:800; font-size:20px; color:#866a35;\">92<span style=\"font-size:12px; font-weight:bold; margin-left:4px;\">pts<\/span><\/div>\n<div style=\"font-size:11px; color:#666;\">Pissarres 2023<\/div>\n<\/p><\/div>\n<\/p><\/div>\n<\/div>\n","protected":false},"featured_media":1014,"template":"","meta":{"_acf_changed":false},"product_brand":[],"product_cat":[56],"product_tag":[],"class_list":{"0":"post-329","1":"product","2":"type-product","3":"status-publish","4":"has-post-thumbnail","6":"product_cat-vins-negres","8":"first","9":"instock","10":"taxable","11":"shipping-taxable","12":"purchasable","13":"product-type-variable","14":"has-default-attributes"},"acf":[],"_links":{"self":[{"href":"https:\/\/shop.costersdelpriorat.com\/ca\/wp-json\/wp\/v2\/product\/329","targetHints":{"allow":["GET"]}}],"collection":[{"href":"https:\/\/shop.costersdelpriorat.com\/ca\/wp-json\/wp\/v2\/product"}],"about":[{"href":"https:\/\/shop.costersdelpriorat.com\/ca\/wp-json\/wp\/v2\/types\/product"}],"wp:featuredmedia":[{"embeddable":true,"href":"https:\/\/shop.costersdelpriorat.com\/ca\/wp-json\/wp\/v2\/media\/1014"}],"wp:attachment":[{"href":"https:\/\/shop.costersdelpriorat.com\/ca\/wp-json\/wp\/v2\/media?parent=329"}],"wp:term":[{"taxonomy":"product_brand","embeddable":true,"href":"https:\/\/shop.costersdelpriorat.com\/ca\/wp-json\/wp\/v2\/product_brand?post=329"},{"taxonomy":"product_cat","embeddable":true,"href":"https:\/\/shop.costersdelpriorat.com\/ca\/wp-json\/wp\/v2\/product_cat?post=329"},{"taxonomy":"product_tag","embeddable":true,"href":"https:\/\/shop.costersdelpriorat.com\/ca\/wp-json\/wp\/v2\/product_tag?post=329"}],"curies":[{"name":"wp","href":"https:\/\/api.w.org\/{rel}","templated":true}]}}