{"id":3847,"date":"2025-07-10T07:30:34","date_gmt":"2025-07-10T05:30:34","guid":{"rendered":"https:\/\/shop.costersdelpriorat.com\/productos\/pack-estiu\/"},"modified":"2025-07-11T12:13:49","modified_gmt":"2025-07-11T10:13:49","slug":"pack-estiu","status":"publish","type":"product","link":"https:\/\/shop.costersdelpriorat.com\/ca\/productes\/pack-estiu\/","title":{"rendered":"PACK ESTIU"},"content":{"rendered":"<p data-start=\"0\" data-end=\"50\">\ud83c\udfd6\ufe0f <strong data-start=\"75\" data-end=\"121\">PACK ESTIU \u2013 Frescor i alegria a cada copa<\/strong><\/p>\n<p data-start=\"123\" data-end=\"222\">Gaudeix de l\u2019estiu amb aquest pack especial pensat per als dies de sol, terrasses i bona companyia.<\/p>\n<p data-start=\"224\" data-end=\"492\">Vins blancs del Priorat, elaborats per primera vegada amb carinyena blanca, una varietat poc comuna i molt apreciada. S\u00f3n vins frescos, vibrants i plens de car\u00e0cter mineral, perfectes per acompanyar marisc, arrossos o simplement per refrescar-te en una tarda calorosa.<\/p>\n<p data-start=\"494\" data-end=\"757\">Vi negre afruitat, ideal per a aquesta temporada. Lleuger, amb una explosi\u00f3 de fruita vermella i un perfil alegre i desenfadat que el fa perfecte per prendre una mica m\u00e9s fresc del que \u00e9s habitual. Acompanya molt b\u00e9 tapes, carns blanques o fins i tot plats freds.<\/p>\n<p data-start=\"759\" data-end=\"784\"><strong data-start=\"759\" data-end=\"784\">EL PACK ESTIU INCLOU:<\/strong><\/p>\n<p data-start=\"786\" data-end=\"881\">2 ampolles \u2013 <strong data-start=\"799\" data-end=\"821\">ROCAFOSCA BLANC\u201924<\/strong> \u2013 Garnatxa blanca, Macabeu i Carinyena blanca (<strong data-start=\"869\" data-end=\"880\">NOVETAT<\/strong>)<\/p>\n<p data-start=\"883\" data-end=\"942\">2 ampolles \u2013 <strong data-start=\"896\" data-end=\"918\">BLANC DE CLOSOS\u201924<\/strong> \u2013 100% Carinyena blanca<\/p>\n<p data-start=\"944\" data-end=\"1005\">2 ampolles \u2013 <strong data-start=\"957\" data-end=\"974\">PISSARRES \u201923<\/strong> \u2013 70% Garnatxa i 30% Carinyena<\/p>\n<p data-start=\"1007\" data-end=\"1038\" data-is-last-node=\"\" data-is-only-node=\"\"><strong data-start=\"1007\" data-end=\"1038\" data-is-last-node=\"\">Enviament gratu\u00eft pen\u00ednsula<\/strong><\/p>\n","protected":false},"excerpt":{"rendered":"<p data-start=\"0\" data-end=\"50\">\ud83c\udfd6\ufe0f <strong data-start=\"75\" data-end=\"121\">PACK ESTIU \u2013 Frescor i alegria a cada copa<\/strong><\/p>\n<p data-start=\"123\" data-end=\"222\">Gaudeix de l\u2019estiu amb aquest pack especial pensat per als dies de sol, terrasses i bona companyia.<\/p>\n<p data-start=\"224\" data-end=\"492\">Vins blancs del Priorat, elaborats per primera vegada amb carinyena blanca, una varietat poc comuna i molt apreciada. S\u00f3n vins frescos, vibrants i plens de car\u00e0cter mineral, perfectes per acompanyar marisc, arrossos o simplement per refrescar-te en una tarda calorosa.<\/p>\n<p data-start=\"494\" data-end=\"757\">Vi negre afruitat, ideal per a aquesta temporada. Lleuger, amb una explosi\u00f3 de fruita vermella i un perfil alegre i desenfadat que el fa perfecte per prendre una mica m\u00e9s fresc del que \u00e9s habitual. Acompanya molt b\u00e9 tapes, carns blanques o fins i tot plats freds.<\/p>\n<p data-start=\"759\" data-end=\"784\"><strong data-start=\"759\" data-end=\"784\">EL PACK ESTIU INCLOU:<\/strong><\/p>\n<p data-start=\"786\" data-end=\"881\">2 ampolles \u2013 <strong data-start=\"799\" data-end=\"821\">ROCAFOSCA BLANC\u201924<\/strong> \u2013 Garnatxa blanca, Macabeu i Carinyena blanca (<strong data-start=\"869\" data-end=\"880\">NOVETAT<\/strong>)<\/p>\n<p data-start=\"883\" data-end=\"942\">2 ampolles \u2013 <strong data-start=\"896\" data-end=\"918\">BLANC DE CLOSOS\u201924<\/strong> \u2013 100% Carinyena blanca<\/p>\n<p data-start=\"944\" data-end=\"1005\">2 ampolles \u2013 <strong data-start=\"957\" data-end=\"974\">PISSARRES \u201923<\/strong> \u2013 70% Garnatxa i 30% Carinyena<\/p>\n<p data-start=\"1007\" data-end=\"1038\" data-is-last-node=\"\" data-is-only-node=\"\"><strong data-start=\"1007\" data-end=\"1038\" data-is-last-node=\"\">Enviament gratu\u00eft pen\u00ednsula<\/strong><\/p>\n","protected":false},"featured_media":3836,"template":"","meta":{"_acf_changed":false},"product_brand":[],"product_cat":[132],"product_tag":[],"class_list":{"0":"post-3847","1":"product","2":"type-product","3":"status-publish","4":"has-post-thumbnail","6":"product_cat-pack","8":"first","9":"instock","10":"taxable","11":"shipping-taxable","12":"purchasable","13":"product-type-simple"},"acf":[],"_links":{"self":[{"href":"https:\/\/shop.costersdelpriorat.com\/ca\/wp-json\/wp\/v2\/product\/3847","targetHints":{"allow":["GET"]}}],"collection":[{"href":"https:\/\/shop.costersdelpriorat.com\/ca\/wp-json\/wp\/v2\/product"}],"about":[{"href":"https:\/\/shop.costersdelpriorat.com\/ca\/wp-json\/wp\/v2\/types\/product"}],"wp:featuredmedia":[{"embeddable":true,"href":"https:\/\/shop.costersdelpriorat.com\/ca\/wp-json\/wp\/v2\/media\/3836"}],"wp:attachment":[{"href":"https:\/\/shop.costersdelpriorat.com\/ca\/wp-json\/wp\/v2\/media?parent=3847"}],"wp:term":[{"taxonomy":"product_brand","embeddable":true,"href":"https:\/\/shop.costersdelpriorat.com\/ca\/wp-json\/wp\/v2\/product_brand?post=3847"},{"taxonomy":"product_cat","embeddable":true,"href":"https:\/\/shop.costersdelpriorat.com\/ca\/wp-json\/wp\/v2\/product_cat?post=3847"},{"taxonomy":"product_tag","embeddable":true,"href":"https:\/\/shop.costersdelpriorat.com\/ca\/wp-json\/wp\/v2\/product_tag?post=3847"}],"curies":[{"name":"wp","href":"https:\/\/api.w.org\/{rel}","templated":true}]}}