{"id":510,"date":"2020-09-21T16:39:31","date_gmt":"2020-09-21T14:39:31","guid":{"rendered":"https:\/\/shop.costersdelpriorat.com\/tienda\/Sense%20categoria\/vi-ranci-memories-dolc-ranci\/"},"modified":"2024-12-19T12:52:15","modified_gmt":"2024-12-19T11:52:15","slug":"vi-ranci-memories-dolc-ranci","status":"publish","type":"product","link":"https:\/\/shop.costersdelpriorat.com\/ca\/productes\/vi-ranci-memories-dolc-ranci\/","title":{"rendered":"Mem\u00f2ries dol\u00e7 ranci"},"content":{"rendered":"<p class=\"mar-bot-30\">Al Priorat hi ha una llarga tradici\u00f3 d\u2019elaboraci\u00f3 de vins dol\u00e7os i rancis. Moltes fam\u00edlies guardaven al fons del celler una vella b\u00f3ta de ranci. Quan un fill marxava de casa, els pares li\u2019n donaven una part de la solera. D\u2019aquesta manera el ranci de la fam\u00edlia pervivia en una nova llar. Cada generaci\u00f3 passava a la seg\u00fcent una part del patrimoni, del gust i de la mem\u00f2ria familiar. D\u2019aqu\u00ed ve aquest Mem\u00f2ries, que representa el lligam amb les pr\u00e0ctiques ancestrals, el record dels moments de consum quotidi\u00e0, i l\u2019homenatge a l\u2019esfor\u00e7 de segles de les fam\u00edlies d\u2019aquesta terra de pot\u00e8ncia at\u00e0vica.<\/p>\n<p>&nbsp;<\/p>\n<h2>NOTA DE TAST<\/h2>\n<p class=\"mar-bot-30\">Els aromes potents i cl\u00e0ssics. Els records de mel. Els matisos salins, fumats, antics. \u00c9s la m\u00e0gia del temps, el nervi d\u2019una fruita dol\u00e7a, el treball del sol i la frescor ombr\u00edvola dels racons d\u2019un casalot de poble. Una entrada en boca amable i suau que de seguida es fa profunda i molt llarga. Notes de caramels, ametlles, figues madures assecades, caf\u00e8 i xocolata. Longitud, encant i calidesa.Un vi de calma, meditaci\u00f3 i emoci\u00f3.<\/p>\n","protected":false},"excerpt":{"rendered":"<h3 class=\"h3-body no-margin pad-bot-50\">Expressi\u00f3 d\u2019un Priorat etern<\/h3>\n<p class=\"mar-bot-30\">Al Priorat hi ha una llarga tradici\u00f3 d\u2019elaboraci\u00f3 de vins dol\u00e7os i rancis. Moltes fam\u00edlies guardaven al fons del celler una vella b\u00f3ta de ranci. Quan un fill marxava de casa, els pares li\u2019n donaven una part de la solera. D\u2019aquesta manera el ranci de la fam\u00edlia pervivia en una nova llar. Cada generaci\u00f3 passava a la seg\u00fcent una part del patrimoni, del gust i de la mem\u00f2ria familiar. D\u2019aqu\u00ed ve aquest Mem\u00f2ries, que representa el lligam amb les pr\u00e0ctiques ancestrals, el record dels moments de consum quotidi\u00e0, i l\u2019homenatge a l\u2019esfor\u00e7 de segles de les fam\u00edlies d\u2019aquesta terra de pot\u00e8ncia at\u00e0vica.<\/p>\n<h5><a href=\"https:\/\/shop.costersdelpriorat.com\/app\/uploads\/2024\/01\/product-sheet-memories-dolc-ranci-2020-ca.pdf\" target=\"_blank\" rel=\"noopener noreferrer\">Fitxa t\u00e8cnica<\/a><\/h5>\n","protected":false},"featured_media":447,"template":"","meta":{"_acf_changed":false},"product_brand":[],"product_cat":[68],"product_tag":[],"class_list":{"0":"post-510","1":"product","2":"type-product","3":"status-publish","4":"has-post-thumbnail","6":"product_cat-vins-rancis","8":"first","9":"outofstock","10":"taxable","11":"shipping-taxable","12":"purchasable","13":"product-type-variable","14":"has-default-attributes"},"acf":[],"_links":{"self":[{"href":"https:\/\/shop.costersdelpriorat.com\/ca\/wp-json\/wp\/v2\/product\/510","targetHints":{"allow":["GET"]}}],"collection":[{"href":"https:\/\/shop.costersdelpriorat.com\/ca\/wp-json\/wp\/v2\/product"}],"about":[{"href":"https:\/\/shop.costersdelpriorat.com\/ca\/wp-json\/wp\/v2\/types\/product"}],"wp:featuredmedia":[{"embeddable":true,"href":"https:\/\/shop.costersdelpriorat.com\/ca\/wp-json\/wp\/v2\/media\/447"}],"wp:attachment":[{"href":"https:\/\/shop.costersdelpriorat.com\/ca\/wp-json\/wp\/v2\/media?parent=510"}],"wp:term":[{"taxonomy":"product_brand","embeddable":true,"href":"https:\/\/shop.costersdelpriorat.com\/ca\/wp-json\/wp\/v2\/product_brand?post=510"},{"taxonomy":"product_cat","embeddable":true,"href":"https:\/\/shop.costersdelpriorat.com\/ca\/wp-json\/wp\/v2\/product_cat?post=510"},{"taxonomy":"product_tag","embeddable":true,"href":"https:\/\/shop.costersdelpriorat.com\/ca\/wp-json\/wp\/v2\/product_tag?post=510"}],"curies":[{"name":"wp","href":"https:\/\/api.w.org\/{rel}","templated":true}]}}