{"id":514,"date":"2020-09-18T20:18:01","date_gmt":"2020-09-18T18:18:01","guid":{"rendered":"https:\/\/shop.costersdelpriorat.com\/tienda\/Sense%20categoria\/vi-ranci-memories-cal-marcelino-1870\/"},"modified":"2026-01-16T14:25:31","modified_gmt":"2026-01-16T13:25:31","slug":"vi-ranci-memories-cal-marcelino-1870","status":"publish","type":"product","link":"https:\/\/shop.costersdelpriorat.com\/ca\/productes\/vi-ranci-memories-cal-marcelino-1870\/","title":{"rendered":"Mem\u00f2ries Cal Marcelino"},"content":{"rendered":"<p class=\"mar-bot-30\">Revisitar el passat, caminar pels corriols dels tossals coberts de vinya fins al cim, sentir l\u2019ess\u00e8ncia del lloc. Un glop de Ranci de Costers atura el temps. No \u00e9s ara ni \u00e9s ahir. \u00c9s tot. L\u2019energia de la terra, la llicorella esmicolada, els brins de roman\u00ed, la garriga resistent, el lligabosc dels racons m\u00e9s frescos, la garbinada dels vespres i la fosca dels cellers. Secret ancestral del Priorat que tenim la fortuna d\u2019elaborar, beure i sentir.<\/p>\n<p>&nbsp;<\/p>\n<h2>NOTA DE TAST<\/h2>\n<p class=\"mar-bot-30\">Vi ranci naturalment oxidat. A la vista t\u00e9 un color d\u2019ambre molt fosc, d\u2019intensitat m\u00e0xima, amb reflexos de bronze brillant. La tradici\u00f3 popular del Priorat anomena aquest color \u201cor vell\u201d. La textura \u00e9s densa i oliosa. Al nas sorpr\u00e8n l\u2019equilibri entre complexitat i subtilitat. \u00c9s profund i fi, amb notes de torrats, encens, fruits secs, herbes assecades, tabac i mel. En boca \u00e9s ampli, suau, de pas amable i ple.<\/p>\n","protected":false},"excerpt":{"rendered":"<h3 class=\"h3-body no-margin pad-bot-50\">El somni de reviure una antiga tradici\u00f3<\/h3>\n<p class=\"mar-bot-30\">Revisitar el passat, caminar pels corriols dels tossals coberts de vinya fins al cim, sentir l\u2019ess\u00e8ncia del lloc. Un glop de Ranci de Costers atura el temps. No \u00e9s ara ni \u00e9s ahir. \u00c9s tot. L\u2019energia de la terra, la llicorella esmicolada, els brins de roman\u00ed, la garriga resistent, el lligabosc dels racons m\u00e9s frescos, la garbinada dels vespres i la fosca dels cellers. Secret ancestral del Priorat que tenim la fortuna d\u2019elaborar, beure i sentir.<\/p>\n<h5><a href=\"http:\/\/costersdelpriorat.com\/images\/pdf\/ca\/memories-ranci-1870.pdf\" target=\"_blank\" rel=\"noopener noreferrer\">Fitxa t\u00e8cnica<\/a><\/h5>\n<hr>\n<h5 style=\"color:#866a35;\">Distincions<\/h5>\n<div style=\"border-left:4px solid #866a35; padding:12px 14px; margin:18px 0; border-radius:6px; background:white; max-width:100%;\">\n<div style=\"display:flex; align-items:center; gap:12px;\">\n<div style=\"flex:0 0 auto;\">\n<div style=\"background:#866a35; color:#fff; font-weight:bold; padding:6px 10px; border-radius:6px; font-size:13px;\">PREMIAT<\/div>\n<\/p><\/div>\n<div style=\"flex:1;\">\n<div style=\"font-weight:bold; font-size:15px; color:#222;\">Millor ranci a Decanter \u2013 97 punts (2024)<\/div>\n<\/p><\/div>\n<\/p><\/div>\n<\/div>\n","protected":false},"featured_media":450,"template":"","meta":{"_acf_changed":false},"product_brand":[],"product_cat":[68],"product_tag":[],"class_list":{"0":"post-514","1":"product","2":"type-product","3":"status-publish","4":"has-post-thumbnail","6":"product_cat-vins-rancis","8":"first","9":"instock","10":"taxable","11":"shipping-taxable","12":"purchasable","13":"product-type-variable","14":"has-default-attributes"},"acf":[],"_links":{"self":[{"href":"https:\/\/shop.costersdelpriorat.com\/ca\/wp-json\/wp\/v2\/product\/514","targetHints":{"allow":["GET"]}}],"collection":[{"href":"https:\/\/shop.costersdelpriorat.com\/ca\/wp-json\/wp\/v2\/product"}],"about":[{"href":"https:\/\/shop.costersdelpriorat.com\/ca\/wp-json\/wp\/v2\/types\/product"}],"wp:featuredmedia":[{"embeddable":true,"href":"https:\/\/shop.costersdelpriorat.com\/ca\/wp-json\/wp\/v2\/media\/450"}],"wp:attachment":[{"href":"https:\/\/shop.costersdelpriorat.com\/ca\/wp-json\/wp\/v2\/media?parent=514"}],"wp:term":[{"taxonomy":"product_brand","embeddable":true,"href":"https:\/\/shop.costersdelpriorat.com\/ca\/wp-json\/wp\/v2\/product_brand?post=514"},{"taxonomy":"product_cat","embeddable":true,"href":"https:\/\/shop.costersdelpriorat.com\/ca\/wp-json\/wp\/v2\/product_cat?post=514"},{"taxonomy":"product_tag","embeddable":true,"href":"https:\/\/shop.costersdelpriorat.com\/ca\/wp-json\/wp\/v2\/product_tag?post=514"}],"curies":[{"name":"wp","href":"https:\/\/api.w.org\/{rel}","templated":true}]}}