{"id":489,"date":"2020-10-14T11:27:05","date_gmt":"2020-10-14T09:27:05","guid":{"rendered":"https:\/\/shop.costersdelpriorat.com\/politica-de-privacidad\/"},"modified":"2020-10-14T11:31:28","modified_gmt":"2020-10-14T09:31:28","slug":"politica-de-privacidad","status":"publish","type":"page","link":"https:\/\/shop.costersdelpriorat.com\/en\/politica-de-privacidad\/","title":{"rendered":"Privacy policy"},"content":{"rendered":"\n<div style=\"height:40px\" aria-hidden=\"true\" class=\"wp-block-spacer\"><\/div>\n\n<h4 class=\"wp-block-heading\">Datos personales<\/h4>\n\n<p><strong>COSTERS DEL PRIORAT S. A. T.<\/strong>\u00a0(con su marca comercial\u00a0<strong>COSTERS DEL PRIORAT<\/strong>) respeta la legislaci\u00f3n vigente en materia de protecci\u00f3n de datos personales, la privacidad de los usuarios y el secreto y seguridad de los datos de conformidad con lo establecido en la legislaci\u00f3n aplicable en materia de protecci\u00f3n de datos, y aplica las medidas t\u00e9cnicas y organizativas apropiadas a fin de garantizar y poder demostrar que el tratamiento de datos de los que COSTERS DEL PRIORAT S. A. T. es responsable, cumple con la referida normativa.<\/p>\n\n<p>Los datos personales solo ser\u00e1n obtenidos por COSTERS DEL PRIORAT S. A. T. para su tratamiento, cuando sean adecuados, pertinentes y no excesivos en relaci\u00f3n con el \u00e1mbito y las finalidades determinadas, expl\u00edcitas y leg\u00edtimas para las que se hayan obtenido. Para acceder a los contenidos de las p\u00e1ginas web de COSTERS DEL PRIORAT S. A. T., el usuario tiene que ser mayor de edad. El Usuario manifiesta que los datos facilitados son ciertos y correctos, y se compromete a comunicar a COSTERS DEL PRIORAT S. A. T. los cambios que se produzcan en los mismos.<\/p>\n\n<p>Por ello, COSTERS DEL PRIORAT S. A. T. informa a los usuarios de los todos los extremos relacionados con su pol\u00edtica de privacidad y acceso a los datos personales:<\/p>\n\n<p>Responsable del tratamiento<\/p>\n\n<ul class=\"wp-block-list\"><li>COSTERS DEL PRIORAT S. A. T.<\/li><li>Carrer Major 45<\/li><li>43738 Bellmunt del Priorat (Tarragona)<\/li><li>C.I.F.- F43702984<\/li><\/ul>\n\n<p>Datos de contacto<\/p>\n\n<ul class=\"wp-block-list\"><li>900 200 250<\/li><li>info@costersdelpriorat.com<\/li><\/ul>\n\n<div style=\"height:20px\" aria-hidden=\"true\" class=\"wp-block-spacer\"><\/div>\n\n<h4 class=\"wp-block-heading\">Finalidades<\/h4>\n\n<p>Finalidades por las que motivaron que el usuario facilitara sus datos personales. La ejecuci\u00f3n y\/o mantenimiento de cualquier relaci\u00f3n contractual, y\/o gesti\u00f3n de un servicio.<\/p>\n\n<p>Env\u00edo de informaci\u00f3n, publicidad y promoci\u00f3n comercial de productos, servicios y actividades de su inter\u00e9s relacionados con actividades en el \u00e1mbito del sector de la alimentaci\u00f3n y bebidas. Por cualquier medio incluido el electr\u00f3nico (correo electr\u00f3nico o medios equivalentes, como sms tel\u00e9fonos m\u00f3viles,..).<\/p>\n\n<p>Conocer su opini\u00f3n y valoraci\u00f3n y mantenerle al d\u00eda de actividades, noticias, ofertas especiales y promociones de su inter\u00e9s relacionados con actividades en el \u00e1mbito del sector de la alimentaci\u00f3n y bebidas.<\/p>\n\n<p>An\u00e1lisis de perfil para buscar contenidos que sean de su inter\u00e9s, utilizando t\u00e9cnicas de profiling para realizar publicidad dirigida y marketing directo.<\/p>\n\n<p>Los datos personales proporcionados se conservar\u00e1n mientras se mantenga la relaci\u00f3n mercantil, y no se solicite la supresi\u00f3n por el interesado, o como m\u00e1ximo durante un plazo de 2 a\u00f1os a partir de la \u00faltima confirmaci\u00f3n de su inter\u00e9s.<\/p>\n\n<div style=\"height:20px\" aria-hidden=\"true\" class=\"wp-block-spacer\"><\/div>\n\n<h4 class=\"wp-block-heading\">Legitimaci\u00f3n<\/h4>\n\n<p>La base legal para el tratamiento de los datos personales esta basada en el consentimiento expreso del propio interesado o en su caso en la ejecuci\u00f3n de un contrato y\/o servicio. En cualquier momento se podr\u00e1 ejercer el derecho a retirar el consentimiento sin que ello afecte a la licitud del tratamiento basado en el consentimiento previo a su retirada<\/p>\n\n<div style=\"height:20px\" aria-hidden=\"true\" class=\"wp-block-spacer\"><\/div>\n\n<h4 class=\"wp-block-heading\">Destinatarios<\/h4>\n\n<p>Los datos se comunicar\u00e1n a otras empresas del grupo para fines administrativos internos, de acuerdo con el inter\u00e9s leg\u00edtimo del responsable cuando el tratamiento sea necesario para el cumplimiento de un contrato, incluida una prestaci\u00f3n de servicio.<\/p>\n\n<p>COSTERS DEL PRIORAT S. A. T. puede compartir datos personales con otras empresas relacionadas con los servicios ofrecidos cuando se haya autorizado expresamente a ello.<\/p>\n\n<p>COSTERS DEL PRIORAT S. A. T. tambi\u00e9n podr\u00e1 comunicar leg\u00edtimamente los datos personales con los encargados de tratamiento para la ejecuci\u00f3n de un contrato o prestaci\u00f3n de un servicio, siguiendo por ello sus instrucciones en todo momento y asegurando los mismos niveles de seguridad.<\/p>\n\n<div style=\"height:20px\" aria-hidden=\"true\" class=\"wp-block-spacer\"><\/div>\n\n<h4 class=\"wp-block-heading\">Derechos<\/h4>\n\n<p>El usuario tiene derecho a:<\/p>\n\n<ul class=\"wp-block-list\"><li>Solicitar el acceso a sus datos personales que se est\u00e1n tratando y recibir dicha informaci\u00f3n por escrito por el medio solicitado.<\/li><li>Solicitar la rectificaci\u00f3n de los datos personales inexactos o, en su caso, solicitar su supresi\u00f3n cuando, entre otros motivos, los datos ya no sean necesarios para la finalidad por los que fueron recogidos.<\/li><li>Solicitar la limitaci\u00f3n del tratamiento de sus datos.<\/li><li>Oponerse al tratamiento de sus datos personales cuando proceda, en cuyo caso se dejar\u00e1n de tratar sus datos salvo por motivos leg\u00edtimos.<\/li><li>Derecho a la portabilidad de sus datos personales cuando el tratamiento est\u00e9 basado en un consentimiento y se efectu\u00e9 por medios automatizados. los datos se entregar\u00e1n de forma estructurada, uso com\u00fan y lectura mec\u00e1nica.<\/li><li>Derecho a retirar el consentimiento prestado.<\/li><li>Derecho a reclamar ante la agencia espa\u00f1ola de protecci\u00f3n de datos.<\/li><\/ul>\n\n<p>El usuario puede ejercitar los derechos anteriormente indicados a trav\u00e9s de la siguiente direcci\u00f3n de correo postal o electr\u00f3nica, debiendo acreditar en cualquier caso y de forma previa su identidad:<\/p>\n\n<ul class=\"wp-block-list\"><li>Att. departamento de L. O. P. D.<\/li><li>Carrer Major 45<\/li><li>43738 Bellmunt del Priorat (Tarragona)<\/li><\/ul>\n\n<p>Tambi\u00e9n ser\u00e1 v\u00e1lida la comunicaci\u00f3n realizada por el usuario a la direcci\u00f3n de correo electr\u00f3nico:\u00a0<a href=\"to:info@costersdelpriorat.com\">info@costersdelpriorat.com<\/a><\/p>\n\n<div style=\"height:20px\" aria-hidden=\"true\" class=\"wp-block-spacer\"><\/div>\n\n<h4 class=\"wp-block-heading\">Confidencialidad<\/h4>\n\n<p>COSTERS DEL PRIORAT S. A. T. le asegura la confidencialidad de sus datos personales y le garantiza la seguridad de los mismos, adoptando las medidas necesarias para evitar su alteraci\u00f3n, p\u00e9rdida, tratamiento o acceso no autorizado.<\/p>\n\n<p>La entrega de datos personales es absolutamente voluntaria para el Usuario, si bien la carencia de facilitar determinados datos o preguntas que pudieran formularse en los procesos de registro o en los distintos formularios electr\u00f3nicos que se le presenten al Usuario, puede provocar la imposibilidad de acceso a determinados servicios para cuya prestaci\u00f3n es imprescindible disponer de los datos de car\u00e1cter personal, en tal caso COSTERS DEL PRIORAT S. A. T. informar\u00e1 del car\u00e1cter obligatorio y\/o necesario de facilitar los datos personales para el funcionamiento del servicio.<\/p>\n\n<p><\/p>\n","protected":false},"excerpt":{"rendered":"<p>Datos personales COSTERS DEL PRIORAT S. A. T.\u00a0(con su marca comercial\u00a0COSTERS DEL PRIORAT) respeta la legislaci\u00f3n vigente en materia de protecci\u00f3n de datos personales, la privacidad de los usuarios y el secreto y seguridad de los datos de conformidad con lo establecido en la legislaci\u00f3n aplicable en materia de protecci\u00f3n de datos, y aplica las &hellip; <a href=\"https:\/\/shop.costersdelpriorat.com\/en\/politica-de-privacidad\/\">Continued<\/a><\/p>\n","protected":false},"author":1,"featured_media":0,"parent":0,"menu_order":0,"comment_status":"closed","ping_status":"open","template":"","meta":{"_acf_changed":false,"footnotes":""},"class_list":["post-489","page","type-page","status-publish","hentry"],"acf":[],"_links":{"self":[{"href":"https:\/\/shop.costersdelpriorat.com\/en\/wp-json\/wp\/v2\/pages\/489","targetHints":{"allow":["GET"]}}],"collection":[{"href":"https:\/\/shop.costersdelpriorat.com\/en\/wp-json\/wp\/v2\/pages"}],"about":[{"href":"https:\/\/shop.costersdelpriorat.com\/en\/wp-json\/wp\/v2\/types\/page"}],"author":[{"embeddable":true,"href":"https:\/\/shop.costersdelpriorat.com\/en\/wp-json\/wp\/v2\/users\/1"}],"replies":[{"embeddable":true,"href":"https:\/\/shop.costersdelpriorat.com\/en\/wp-json\/wp\/v2\/comments?post=489"}],"version-history":[{"count":3,"href":"https:\/\/shop.costersdelpriorat.com\/en\/wp-json\/wp\/v2\/pages\/489\/revisions"}],"predecessor-version":[{"id":504,"href":"https:\/\/shop.costersdelpriorat.com\/en\/wp-json\/wp\/v2\/pages\/489\/revisions\/504"}],"wp:attachment":[{"href":"https:\/\/shop.costersdelpriorat.com\/en\/wp-json\/wp\/v2\/media?parent=489"}],"curies":[{"name":"wp","href":"https:\/\/api.w.org\/{rel}","templated":true}]}}