{"id":258,"date":"2020-08-04T13:02:00","date_gmt":"2020-08-04T11:02:00","guid":{"rendered":"https:\/\/shop.costersdelpriorat.com?page_id=258"},"modified":"2020-08-05T12:34:22","modified_gmt":"2020-08-05T10:34:22","slug":"politica-de-cookies","status":"publish","type":"page","link":"https:\/\/shop.costersdelpriorat.com\/es\/politica-de-cookies\/","title":{"rendered":"Pol\u00edtica de cookies"},"content":{"rendered":"\n<div style=\"height:40px\" aria-hidden=\"true\" class=\"wp-block-spacer\"><\/div>\n\n\n\n<h4 class=\"wp-block-heading\">1. \u00bfQu\u00e9 es una&nbsp;<em>cookie<\/em>?<\/h4>\n\n\n\n<p>Una \u00ab<em>Cookie<\/em>\u00bb es un peque\u00f1o archivo que se descarga y almacena en el terminal del usuario al acceder a determinadas p\u00e1ginas web. Las \u00ab<em>cookies<\/em>\u00bb archivan informaci\u00f3n sobre el uso que se realiza de un determinado Sitio Web, con la finalidad de ofrecerle un servicio m\u00e1s \u00e1gil y personalizado, al ayudar a mejorar la calidad de nuestra web, permiti\u00e9ndonos conocer qu\u00e9 p\u00e1ginas encuentran nuestros usuarios \u00fatiles y cu\u00e1les no, sus h\u00e1bitos de navegaci\u00f3n y utilizarlo para reconocer a los usuarios.<\/p>\n\n\n\n<p>Las&nbsp;<em>cookies<\/em>&nbsp;son esenciales para el funcionamiento de internet, y aportan muchas ventajas en la prestaci\u00f3n de servicios interactivos, facilitan la navegaci\u00f3n y usabilidad de una p\u00e1gina web. Tenga en cuenta que las&nbsp;<em>cookies<\/em>&nbsp;no pueden da\u00f1ar su equipo y que, a cambio, el que est\u00e9n activadas nos ayuda a identificar y resolver incidencias.<\/p>\n\n\n\n<div style=\"height:20px\" aria-hidden=\"true\" class=\"wp-block-spacer\"><\/div>\n\n\n\n<h4 class=\"wp-block-heading\">2. Tipos de&nbsp;<em>cookies<\/em><\/h4>\n\n\n\n<p>Le informamos de los diferentes tipos de&nbsp;<em>cookies<\/em>&nbsp;de esta p\u00e1gina web:<\/p>\n\n\n\n<ul class=\"wp-block-list\"><li><strong><em>Cookies<\/em>&nbsp;de sesi\u00f3n<\/strong>: son&nbsp;<em>cookies<\/em>&nbsp;temporales que permanecen en el archivo de&nbsp;<em>cookies<\/em>&nbsp;de su navegador hasta que abandone la p\u00e1gina web, por lo que ninguna queda registrada en el disco duro del usuario. La informaci\u00f3n obtenida por medio de estas&nbsp;<em>cookies<\/em>, sirven para analizar pautas de tr\u00e1fico en la web. A la larga, esto nos permite proporcionar una mejor experiencia para mejorar el contenido y facilitando su uso.<\/li><li><strong><em>Cookies<\/em>&nbsp;permanentes<\/strong>: son&nbsp;<em>cookies<\/em>&nbsp;que quedan almacenadas en el terminal y nuestra web las lee cada vez que usted realiza una nueva visita. Una cookie permanente posee una fecha de expiraci\u00f3n determinada. La cookie dejar\u00e1 de funcionar despu\u00e9s de esa fecha.<\/li><li><strong><em>Cookies<\/em>&nbsp;propias<\/strong>: Las&nbsp;<em>cookies<\/em>&nbsp;propias son las que se env\u00edan al equipo terminal del usuario desde un equipo o dominio gestionado por el propio editor y desde el que se presta el servicio solicitado por el usuario.<\/li><li><strong><em>Cookies<\/em>&nbsp;anal\u00edticas<\/strong>:&nbsp;son las que nos permiten el seguimiento y an\u00e1lisis del comportamiento de los usuarios de la p\u00e1gina web a la que est\u00e1n vinculadas. La informaci\u00f3n recogida mediante este tipo de&nbsp;<em>cookies<\/em>&nbsp;se utiliza para la elaboraci\u00f3n de perfiles de navegaci\u00f3n de los usuarios, aplicaciones y plataformas, con el fin de introducir mejoras en funci\u00f3n del an\u00e1lisis de los datos de uso que hacen los usuarios del servicio y con el prop\u00f3sito de asegurar un mantenimiento peri\u00f3dico, que garantice el mejor servicio posible al usuario. Es habitual que las p\u00e1ginas web hagan uso de&nbsp;<em>cookies<\/em>&nbsp;\u00abanal\u00edticas\u00bb para recopilar datos estad\u00edsticos de la actividad. Esa p\u00e1gina web utiliza concretamente las&nbsp;<em>cookies<\/em>&nbsp;instaladas por<\/li><\/ul>\n\n\n\n<div style=\"height:20px\" aria-hidden=\"true\" class=\"wp-block-spacer\"><\/div>\n\n\n\n<h4 class=\"wp-block-heading\">3. Gesti\u00f3n y administraci\u00f3n de cookies<\/h4>\n\n\n\n<p>Cualquier usuario puede permitir, bloquear o eliminar las&nbsp;<em>cookies<\/em>&nbsp;instaladas en su terminal mediante la configuraci\u00f3n de las opciones de navegador instalado en el mismo.<\/p>\n\n\n\n<p>Para ajustar los permisos relacionados con las&nbsp;<em>cookies<\/em>&nbsp;en el Navegador:<\/p>\n\n\n\n<ul class=\"wp-block-list\"><li>Para Internet Explorer, haz clic&nbsp;<a href=\"http:\/\/windows.microsoft.com\/es-xl\/internet-explorer\/delete-manage-cookies\">aqu\u00ed<\/a><\/li><li>Para Mozilla Firefox, haz clic&nbsp;<a href=\"http:\/\/support.mozilla.org\/es\/kb\/cookies-informacion-que-los-sitios-web-guardan-en-\">aqu\u00ed<\/a><\/li><li>Para Mozilla Firefox, haz clic&nbsp;<a href=\"https:\/\/support.google.com\/chrome\/answer\/95647?hl=es\">aqu\u00ed<\/a><\/li><li>Para Mozilla Firefox, haz clic&nbsp;<a href=\"http:\/\/support.apple.com\/kb\/HT1677?viewlocale=es_ES\">aqu\u00ed<\/a><\/li><\/ul>\n\n\n\n<p>En caso de bloquear el uso de&nbsp;<em>cookies<\/em>&nbsp;en su navegador es posible que no pueda disponer de algunos servicios o funcionalidades de la p\u00e1gina web.<\/p>\n\n\n\n<p>Asimismo el registro de las&nbsp;<em>cookies<\/em>&nbsp;podr\u00e1 estar sujeto a su aceptaci\u00f3n durante la instalaci\u00f3n o puesta al d\u00eda del navegador usado, y esta aceptaci\u00f3n puede en todo momento ser revocada mediante las opciones de configuraci\u00f3n de contenidos y privacidad disponibles.<\/p>\n\n\n\n<p>Asimismo el registro de las&nbsp;<em>cookies<\/em>&nbsp;podr\u00e1 estar sujeto a su aceptaci\u00f3n durante la instalaci\u00f3n o puesta al d\u00eda del navegador usado, y esta aceptaci\u00f3n puede en todo momento ser revocada mediante las opciones de configuraci\u00f3n de contenidos y privacidad disponibles.<\/p>\n\n\n\n<p><strong>Importante<\/strong>: Por favor, lea atentamente la secci\u00f3n de ayuda de su navegador para conocer m\u00e1s acerca de c\u00f3mo activar el \u201cmodo privado\u201d. Podr\u00e1 seguir visitando nuestra web aunque su navegador est\u00e9 en \u201cmodo privado\u201d, si bien, su navegaci\u00f3n por nuestra web puede no ser \u00f3ptima y algunas utilidades pueden no funcionar correctamente.<\/p>\n\n\n\n<div style=\"height:20px\" aria-hidden=\"true\" class=\"wp-block-spacer\"><\/div>\n\n\n\n<h4 class=\"wp-block-heading\">4. Informaci\u00f3n sobre la identificaci\u00f3n del tratamiento de las cookies.<\/h4>\n\n\n\n<p>Identificaci\u00f3n de los responsables de las&nbsp;<em>cookies<\/em>&nbsp;y del tratamiento de los datos obtenidos.<\/p>\n\n\n\n<p>NOTA: Peri\u00f3dicamente la presente pol\u00edtica de&nbsp;<em>cookies<\/em>&nbsp;es revisada y actualizada.<\/p>\n","protected":false},"excerpt":{"rendered":"<p>1. \u00bfQu\u00e9 es una&nbsp;cookie? Una \u00abCookie\u00bb es un peque\u00f1o archivo que se descarga y almacena en el terminal del usuario al acceder a determinadas p\u00e1ginas web. Las \u00abcookies\u00bb archivan informaci\u00f3n sobre el uso que se realiza de un determinado Sitio Web, con la finalidad de ofrecerle un servicio m\u00e1s \u00e1gil y personalizado, al ayudar a &hellip; <a href=\"https:\/\/shop.costersdelpriorat.com\/es\/politica-de-cookies\/\">Continued<\/a><\/p>\n","protected":false},"author":1,"featured_media":0,"parent":0,"menu_order":0,"comment_status":"closed","ping_status":"closed","template":"","meta":{"_acf_changed":false,"footnotes":""},"class_list":["post-258","page","type-page","status-publish","hentry"],"acf":[],"_links":{"self":[{"href":"https:\/\/shop.costersdelpriorat.com\/es\/wp-json\/wp\/v2\/pages\/258","targetHints":{"allow":["GET"]}}],"collection":[{"href":"https:\/\/shop.costersdelpriorat.com\/es\/wp-json\/wp\/v2\/pages"}],"about":[{"href":"https:\/\/shop.costersdelpriorat.com\/es\/wp-json\/wp\/v2\/types\/page"}],"author":[{"embeddable":true,"href":"https:\/\/shop.costersdelpriorat.com\/es\/wp-json\/wp\/v2\/users\/1"}],"replies":[{"embeddable":true,"href":"https:\/\/shop.costersdelpriorat.com\/es\/wp-json\/wp\/v2\/comments?post=258"}],"version-history":[{"count":2,"href":"https:\/\/shop.costersdelpriorat.com\/es\/wp-json\/wp\/v2\/pages\/258\/revisions"}],"predecessor-version":[{"id":281,"href":"https:\/\/shop.costersdelpriorat.com\/es\/wp-json\/wp\/v2\/pages\/258\/revisions\/281"}],"wp:attachment":[{"href":"https:\/\/shop.costersdelpriorat.com\/es\/wp-json\/wp\/v2\/media?parent=258"}],"curies":[{"name":"wp","href":"https:\/\/api.w.org\/{rel}","templated":true}]}}