{"id":261,"date":"2020-08-04T13:02:46","date_gmt":"2020-08-04T11:02:46","guid":{"rendered":"https:\/\/shop.costersdelpriorat.com?page_id=261"},"modified":"2020-08-05T12:29:40","modified_gmt":"2020-08-05T10:29:40","slug":"condiciones-de-uso","status":"publish","type":"page","link":"https:\/\/shop.costersdelpriorat.com\/es\/condiciones-de-uso\/","title":{"rendered":"Condiciones de uso"},"content":{"rendered":"\n<div style=\"height:40px\" aria-hidden=\"true\" class=\"wp-block-spacer\"><\/div>\n\n\n\n<h4 class=\"wp-block-heading\">Propiedad de la p\u00e1gina web y su contenido<\/h4>\n\n\n\n<p>COSTERS DEL PRIORAT S. A. T. (en adelante, COSTERS DEL PRIORAT), con CIF F43702984, domiciliada en Finca Sant Mart\u00ed &#8211; Pol\u00edgon 12 Parcela 25, 43738 Bellmunt del Priorat (Tarragona) e inscrita en el Departament d&#8217;agricultura, ramaderia i pesca de la Generalitat de Catalunya con n\u00famero 1458 CAT, folio 58 del volumen 15 en cumplimiento de las obligaciones dispuestas en la Ley 34\/2002, de 11 de julio, de Servicios de la Sociedad de la Informaci\u00f3n y de Comercio Electr\u00f3nico (LSSICE), BOE N \u00ba 166, informa a los usuarios de la p\u00e1gina web&nbsp;<a href=\"http:\/\/www.costersdelpriorat.com\">http:\/\/www.costersdelpriorat.com<\/a>, como titular de las mismas, de sus condiciones de acceso y uso.<\/p>\n\n\n\n<p>El acceso y utilizaci\u00f3n a cualquier p\u00e1gina web titularidad de COSTERS DEL PRIORAT supone la aceptaci\u00f3n plena y sin reservas por parte del usuario de las condiciones generales de acceso y uso vigentes en cada momento en que el usuario acceda a cualquiera de las citadas p\u00e1ginas web.<\/p>\n\n\n\n<p>Estas condiciones generales, por tanto, regulan el acceso y uso de los sitios web que COSTERS DEL PRIORAT pone gratuitamente a disposici\u00f3n de los usuarios de Internet. La utilizaci\u00f3n de determinados servicios ofrecidos en alguno de los sitios web de servicios COSTERS DEL PRIORAT se pueden regir adem\u00e1s por condiciones particulares previstas en cada caso, las cuales se entender\u00e1n aceptadas por el mero uso de tales servicios.<\/p>\n\n\n\n<p>Cuando el usuario accede a los sitios web de COSTERS DEL PRIORAT confirma haber le\u00eddo el presente Aviso Legal.<\/p>\n\n\n\n<p>COSTERS DEL PRIORAT no garantiza que los contenidos de sus p\u00e1ginas sean aptos o disponibles fuera de Espa\u00f1a. En el supuesto de que todo o parte de los contenidos de las p\u00e1ginas de COSTERS DEL PRIORAT sean considerados ilegales en pa\u00edses distintos a Espa\u00f1a, queda prohibido el acceso a los mismos.<\/p>\n\n\n\n<div style=\"height:20px\" aria-hidden=\"true\" class=\"wp-block-spacer\"><\/div>\n\n\n\n<h4 class=\"wp-block-heading\">Propiedad intelectual e industrial<\/h4>\n\n\n\n<p>Los sitios web de COSTERS DEL PRIORAT se rigen por las leyes espa\u00f1olas y est\u00e1n protegidos por la legislaci\u00f3n nacional e internacional sobre Propiedad Intelectual e Industrial.<\/p>\n\n\n\n<p>Los Derechos de Propiedad Intelectual e Industrial sobre toda la informaci\u00f3n contenida en sitios web de COSTERS DEL PRIORAT, entre otros, dise\u00f1o gr\u00e1fico, dibujos, logotipos, im\u00e1genes, \u00edndices, textos, audios, v\u00eddeos, software, dise\u00f1o y signos identificativos, as\u00ed como sus c\u00f3digos fuente, estructura de navegaci\u00f3n, bases de datos, y todos los elementos en ellos contenidos, son titularidad de COSTERS DEL PRIORAT excepto aquellos contenidos que pertenecen a terceros al que el usuario puede acceder a trav\u00e9s de hiperv\u00ednculos.<\/p>\n\n\n\n<p>En ning\u00fan caso el acceso y uso a las p\u00e1ginas web de COSTERS DEL PRIORAT por parte de los usuarios, se podr\u00e1 considerar como que se concede licencia de uso, o derecho a ning\u00fan activo de COSTERS DEL PRIORAT o sus autores leg\u00edtimos, por lo que no implicar\u00e1 una cesi\u00f3n, ni transmisi\u00f3n o cualquier tipo de renuncia de derechos de Propiedad Intelectual y\/o Industrial.<\/p>\n\n\n\n<p>Corresponde a COSTERS DEL PRIORAT el ejercicio exclusivo de los derechos de explotaci\u00f3n de los contenidos de sus sitios web en cualquier forma y, en especial, los derechos de reproducci\u00f3n, distribuci\u00f3n, comunicaci\u00f3n p\u00fablica y transformaci\u00f3n.<\/p>\n\n\n\n<p>Queda prohibida toda reproducci\u00f3n, copia, distribuci\u00f3n transformaci\u00f3n, publicaci\u00f3n y cualquier otra actividad que pueda realizarse con la informaci\u00f3n contenida en las p\u00e1ginas web de COSTERS DEL PRIORAT, as\u00ed como con su dise\u00f1o y la selecci\u00f3n y modelo de presentaci\u00f3n de los materiales incluidas en ellas, para cualquier fin y medio utilizado, sin la autorizaci\u00f3n expresa de COSTERS DEL PRIORAT o el autor leg\u00edtimo.<\/p>\n\n\n\n<p>La utilizaci\u00f3n no autorizada de la informaci\u00f3n contenida en las p\u00e1ginas web de COSTERS DEL PRIORAT, su modificaci\u00f3n o supresi\u00f3n de datos, as\u00ed como la lesi\u00f3n de los Derechos de Propiedad Intelectual o Industrial de COSTERS DEL PRIORAT dar\u00e1 lugar a las responsabilidades legalmente establecidas.<\/p>\n\n\n\n<div style=\"height:20px\" aria-hidden=\"true\" class=\"wp-block-spacer\"><\/div>\n\n\n\n<h4 class=\"wp-block-heading\">Exoneraci\u00f3n de responsabilidad<\/h4>\n\n\n\n<p>Todos los Usuarios de estos sitios web lo hacen bajo su propio riesgo, y al acceder a ellos aceptan utilizarlo seg\u00fan las leyes y usos de tr\u00e1fico y deber\u00e1n responder ante COSTERS DEL PRIORAT u otras empresas, por cualquier da\u00f1o que pueda haber sido producido como resultado de un incumplimiento de estas obligaciones.<\/p>\n\n\n\n<p>Tanto el acceso a los sitios web de COSTERS DEL PRIORAT como el uso que pueda hacerse de la informaci\u00f3n contenida en los mismos es de la exclusiva responsabilidad de quien lo realiza. COSTERS DEL PRIORAT no responder\u00e1 de ninguna consecuencia, da\u00f1o o perjuicio que pudieran derivarse del acceso o uso de dicha informaci\u00f3n.<\/p>\n\n\n\n<p>COSTERS DEL PRIORAT no se responsabiliza de los posibles errores de seguridad que puedan producirse ni de cualquier da\u00f1o o perjuicio que pueda causarse al sistema inform\u00e1tico del Usuario, los ficheros o documentos almacenados en el mismo como consecuencia del acceso a las P\u00e1ginas web de COSTERS DEL PRIORAT o del uso de informaci\u00f3n o aplicaciones en ella contenidas.<\/p>\n\n\n\n<p>COSTERS DEL PRIORAT no asume responsabilidad alguna derivada de la concesi\u00f3n o contenidos de los enlaces de terceros a los que se hace referencia en sus sitios web o que terceras partes hayan incluido en los hiperv\u00ednculos. El establecimiento del hiperv\u00ednculo no implica en ning\u00fan caso la existencia de relaciones entre COSTERS DEL PRIORAT y el propietario de la p\u00e1gina Web en la que se establezca, ni la aceptaci\u00f3n y aprobaci\u00f3n de sus contenidos o servicios all\u00ed ofrecidos. Asimismo, COSTERS DEL PRIORAT no garantiza la ausencia de virus u otros elementos que puedan producir alteraciones en el sistema inform\u00e1tico, los documentos o los ficheros del Usuario, excluyendo cualquier responsabilidad por los da\u00f1os de cualquier clase causados al Usuario derivado del acceso a estos enlaces de terceros.<\/p>\n\n\n\n<div style=\"height:20px\" aria-hidden=\"true\" class=\"wp-block-spacer\"><\/div>\n\n\n\n<h4 class=\"wp-block-heading\">Formato y cambios en el aviso legal<\/h4>\n\n\n\n<p>COSTERS DEL PRIORAT no garantiza la idoneidad, fiabilidad, disponibilidad, oportunidad o exactitud de informaci\u00f3n o servicios contenidos en las p\u00e1ginas web, que podr\u00e1n actualizarse, modificarse o eliminarse sin previo aviso respetando, en cualquier caso, las previsiones legales de informaci\u00f3n.<\/p>\n\n\n\n<p>COSTERS DEL PRIORAT se reserva, sin necesidad de previo aviso y en cualquier momento, el derecho a suspender temporalmente el acceso a las p\u00e1ginas web COSTERS DEL PRIORAT y a efectuar las modificaciones que considere oportunas de las P\u00e1ginas, de los servicios o informaciones ofrecidas, de la presentaci\u00f3n o localizaci\u00f3n de las mismas, y de las Condiciones Generales de Acceso y Uso.<\/p>\n\n\n\n<div style=\"height:20px\" aria-hidden=\"true\" class=\"wp-block-spacer\"><\/div>\n\n\n\n<h4 class=\"wp-block-heading\">Protecci\u00f3n de datos<\/h4>\n\n\n\n<p>COSTERS DEL PRIORAT como titular de sus sitios web, informa a los Usuarios de los mismos que es el responsable de los tratamientos que se realicen mediante sus sitios web, salvo que expresamente se informe de otras condiciones en un tratamiento concreto.<\/p>\n\n\n\n<p>De conformidad con lo establecido en la legislaci\u00f3n aplicable en materia de protecci\u00f3n de datos, COSTERS DEL PRIORAT respeta la privacidad de los Usuarios y el secreto y seguridad de los datos personales, adoptando para ello las medidas t\u00e9cnicas y organizativas necesarias para evitar la p\u00e9rdida, mal uso, alteraci\u00f3n, acceso no autorizado y robo de los datos personales facilitados, habida cuenta el estado de la tecnolog\u00eda, la naturaleza de los datos y los riesgos a los que est\u00e1n expuestos.<\/p>\n\n\n\n<p>Los datos personales de los Usuarios de los sitios web de COSTERS DEL PRIORAT, solo se obtendr\u00e1n para ser tratados cuando sean adecuados, pertinentes y no excesivos en relaci\u00f3n con el \u00e1mbito y las finalidades determinadas, expl\u00edcitas, consentidas y\/o leg\u00edtimas para las que se hayan recabado. Cuando se recaben datos personales a trav\u00e9s de los sitios webs de COSTERS DEL PRIORAT, se informar\u00e1 previamente al Usuario de forma clara e inequ\u00edvoca de las circunstancias relativas al tratamiento de sus datos.<\/p>\n\n\n\n<p>El Usuario deber\u00e1 visitar la&nbsp;<a href=\"http:\/\/www.costersdelpriorat.com\/politica-de-privacidad\">Pol\u00edtica de Privacidad<\/a>&nbsp;de COSTERS DEL PRIORAT donde encontrar\u00e1 informaci\u00f3n detallada respecto la protecci\u00f3n de datos.<\/p>\n\n\n\n<div style=\"height:20px\" aria-hidden=\"true\" class=\"wp-block-spacer\"><\/div>\n\n\n\n<h4 class=\"wp-block-heading\">Legislaci\u00f3n aplicable<\/h4>\n\n\n\n<p>Todas las cuestiones relativas a las p\u00e1ginas web de COSTERS DEL PRIORAT se regir\u00e1n por la legislaci\u00f3n espa\u00f1ola. COSTERS DEL PRIORAT y los Usuarios, con renuncia expresa a cualquier otro fuero, se someten a la jurisdicci\u00f3n de los Juzgados y Tribunales de Barcelona.<\/p>\n\n\n\n<p>Toda la informaci\u00f3n que se reciba en las p\u00e1ginas web de COSTERS DEL PRIORAT se considerar\u00e1 cedida a COSTERS DEL PRIORAT a t\u00edtulo gratuito.<\/p>\n\n\n\n<p>A los efectos de presentaci\u00f3n de cualquier reclamaci\u00f3n, consulta o sugerencia, se podr\u00e1 realizar a trav\u00e9s del apartado de contacta de la web&nbsp;<a href=\"http:\/\/www.costersdelpriorat.com\">COSTERS DEL PRIORAT.com<\/a><\/p>\n","protected":false},"excerpt":{"rendered":"<p>Propiedad de la p\u00e1gina web y su contenido COSTERS DEL PRIORAT S. A. T. (en adelante, COSTERS DEL PRIORAT), con CIF F43702984, domiciliada en Finca Sant Mart\u00ed &#8211; Pol\u00edgon 12 Parcela 25, 43738 Bellmunt del Priorat (Tarragona) e inscrita en el Departament d&#8217;agricultura, ramaderia i pesca de la Generalitat de Catalunya con n\u00famero 1458 CAT, &hellip; <a href=\"https:\/\/shop.costersdelpriorat.com\/es\/condiciones-de-uso\/\">Continued<\/a><\/p>\n","protected":false},"author":1,"featured_media":0,"parent":0,"menu_order":0,"comment_status":"closed","ping_status":"closed","template":"","meta":{"_acf_changed":false,"footnotes":""},"class_list":["post-261","page","type-page","status-publish","hentry"],"acf":[],"_links":{"self":[{"href":"https:\/\/shop.costersdelpriorat.com\/es\/wp-json\/wp\/v2\/pages\/261","targetHints":{"allow":["GET"]}}],"collection":[{"href":"https:\/\/shop.costersdelpriorat.com\/es\/wp-json\/wp\/v2\/pages"}],"about":[{"href":"https:\/\/shop.costersdelpriorat.com\/es\/wp-json\/wp\/v2\/types\/page"}],"author":[{"embeddable":true,"href":"https:\/\/shop.costersdelpriorat.com\/es\/wp-json\/wp\/v2\/users\/1"}],"replies":[{"embeddable":true,"href":"https:\/\/shop.costersdelpriorat.com\/es\/wp-json\/wp\/v2\/comments?post=261"}],"version-history":[{"count":3,"href":"https:\/\/shop.costersdelpriorat.com\/es\/wp-json\/wp\/v2\/pages\/261\/revisions"}],"predecessor-version":[{"id":365,"href":"https:\/\/shop.costersdelpriorat.com\/es\/wp-json\/wp\/v2\/pages\/261\/revisions\/365"}],"wp:attachment":[{"href":"https:\/\/shop.costersdelpriorat.com\/es\/wp-json\/wp\/v2\/media?parent=261"}],"curies":[{"name":"wp","href":"https:\/\/api.w.org\/{rel}","templated":true}]}}