{"id":362,"date":"2020-09-18T12:25:04","date_gmt":"2020-09-18T10:25:04","guid":{"rendered":"https:\/\/shop.costersdelpriorat.com?page_id=362"},"modified":"2020-09-18T12:25:05","modified_gmt":"2020-09-18T10:25:05","slug":"envio-y-devoluciones","status":"publish","type":"page","link":"https:\/\/shop.costersdelpriorat.com\/es\/envio-y-devoluciones\/","title":{"rendered":"Env\u00edo y devoluciones"},"content":{"rendered":"\n<div style=\"height:41px\" aria-hidden=\"true\" class=\"wp-block-spacer\"><\/div>\n\n\n\n<h4 class=\"wp-block-heading\">HORARIOS DE ENTREGA<\/h4>\n\n\n\n<p>Las entregas se realizan mediante MRW de lunes a viernes de 8:30 h a 20 h.<\/p>\n\n\n\n<div style=\"height:20px\" aria-hidden=\"true\" class=\"wp-block-spacer\"><\/div>\n\n\n\n<h4 class=\"wp-block-heading\">RECEPCI\u00d3N DE PRODUCTO EN MAL ESTADO<\/h4>\n\n\n\n<p>Si su pedido sufre una rotura en transporte le repondremos los productos afectados de forma inmediata. Puede ponerse en contacto con nosotros a trav\u00e9s del correo electr\u00f3nico mmorello@costersdelpriorat.com o llamando al 650 196 146 de lunes a viernes de 8:30 a 14:00 horas.<\/p>\n\n\n\n<div style=\"height:20px\" aria-hidden=\"true\" class=\"wp-block-spacer\"><\/div>\n\n\n\n<h4 class=\"wp-block-heading\">GASTOS DE ENV\u00cdO<\/h4>\n\n\n\n<p>Los gastos de env\u00edo son gratuitos a partir de 150 \u20ac. Si el importe es inferior a dicha cantidad, los gastos de env\u00edo son de 10 \u20ac.<\/p>\n\n\n\n<div style=\"height:20px\" aria-hidden=\"true\" class=\"wp-block-spacer\"><\/div>\n\n\n\n<h4 class=\"wp-block-heading\">PLAZOS DE ENTREGAS<\/h4>\n\n\n\n<p>Los plazos de entrega var\u00edan entre 48 y 72 (d\u00edas laborables) en funci\u00f3n de las rutas disponibles.<\/p>\n\n\n\n<div style=\"height:20px\" aria-hidden=\"true\" class=\"wp-block-spacer\"><\/div>\n\n\n\n<h4 class=\"wp-block-heading\">DEVOLUCIONES<\/h4>\n\n\n\n<p>Si no queda satisfecho con alguno de nuestros productos, puede cambiarlo por otro o le devolvemos su dinero. Puede ponerse en contacto con nosotros a trav\u00e9s del correo electr\u00f3nico mmorello@costersdelpriorat.com o llamando al 650 196 146 de lunes a viernes de 8:30 a 14:00 horas<\/p>\n","protected":false},"excerpt":{"rendered":"<p>HORARIOS DE ENTREGA Las entregas se realizan mediante MRW de lunes a viernes de 8:30 h a 20 h. RECEPCI\u00d3N DE PRODUCTO EN MAL ESTADO Si su pedido sufre una rotura en transporte le repondremos los productos afectados de forma inmediata. Puede ponerse en contacto con nosotros a trav\u00e9s del correo electr\u00f3nico mmorello@costersdelpriorat.com o llamando &hellip; <a href=\"https:\/\/shop.costersdelpriorat.com\/es\/envio-y-devoluciones\/\">Continued<\/a><\/p>\n","protected":false},"author":1,"featured_media":0,"parent":0,"menu_order":0,"comment_status":"closed","ping_status":"closed","template":"","meta":{"_acf_changed":false,"footnotes":""},"class_list":["post-362","page","type-page","status-publish","hentry"],"acf":[],"_links":{"self":[{"href":"https:\/\/shop.costersdelpriorat.com\/es\/wp-json\/wp\/v2\/pages\/362","targetHints":{"allow":["GET"]}}],"collection":[{"href":"https:\/\/shop.costersdelpriorat.com\/es\/wp-json\/wp\/v2\/pages"}],"about":[{"href":"https:\/\/shop.costersdelpriorat.com\/es\/wp-json\/wp\/v2\/types\/page"}],"author":[{"embeddable":true,"href":"https:\/\/shop.costersdelpriorat.com\/es\/wp-json\/wp\/v2\/users\/1"}],"replies":[{"embeddable":true,"href":"https:\/\/shop.costersdelpriorat.com\/es\/wp-json\/wp\/v2\/comments?post=362"}],"version-history":[{"count":3,"href":"https:\/\/shop.costersdelpriorat.com\/es\/wp-json\/wp\/v2\/pages\/362\/revisions"}],"predecessor-version":[{"id":366,"href":"https:\/\/shop.costersdelpriorat.com\/es\/wp-json\/wp\/v2\/pages\/362\/revisions\/366"}],"wp:attachment":[{"href":"https:\/\/shop.costersdelpriorat.com\/es\/wp-json\/wp\/v2\/media?parent=362"}],"curies":[{"name":"wp","href":"https:\/\/api.w.org\/{rel}","templated":true}]}}