{"id":164,"date":"2020-06-04T08:27:15","date_gmt":"2020-06-04T06:27:15","guid":{"rendered":"https:\/\/shop.costersdelpriorat.com?post_type=product&#038;p=164"},"modified":"2026-01-22T10:00:54","modified_gmt":"2026-01-22T09:00:54","slug":"vino-tinto-pissarres","status":"publish","type":"product","link":"https:\/\/shop.costersdelpriorat.com\/es\/productos\/vino-tinto-pissarres\/","title":{"rendered":"Pissarres"},"content":{"rendered":"<p>Equilibrio de fruta y mineralidad, de sams\u00f3 y garnacha, de carnosidad y frescura vegetal. Armon\u00eda entre los frutos de las dos grandes fincas, Mas Alsera en Torroja y Sant Mart\u00ed en Bellmunt: un v\u00ednculo entre el centro agreste y el sur c\u00e1lido de la comarca. Todo esto es Pissarres, nuestro vino m\u00e1s representativo y la referencia para entender la personalidad de Costers del Priorat. Una bienvenida amable y honesta.<\/p>\n<p>&nbsp;<\/p>\n<h2>NOTA DE CATA<\/h2>\n<p>El mundo de colores y sensaciones arom\u00e1ticas que encontramos caminando por cualquier sendero del Priorat se encuentra concentrado en este vino que es el espejo de nuestra comarca. Rojo oscuro, profundidad, energ\u00eda y la sabidur\u00eda de los \u2018costers\u2019 seleccionados. En boca es complejo. Re\u00fane frutas maduras, recuerdos del matorral mediterr\u00e1neo y tambi\u00e9n una caracter\u00edstica nota aguda y fr\u00eda, marca de la mineralidad extrema de los suelos de pizarra de llicorella.<\/p>\n","protected":false},"excerpt":{"rendered":"<h3 class=\"h3-body no-margin pad-bot-50\">La armon\u00eda de nuestro Priorat<\/h3>\n<p>Equilibrio de fruta y mineralidad, de sams\u00f3 y garnacha, de carnosidad y frescura vegetal. Armon\u00eda entre los frutos de las dos grandes fincas, Mas Alsera en Torroja y Sant Mart\u00ed en Bellmunt: un v\u00ednculo entre el centro agreste y el sur c\u00e1lido de la comarca. Todo esto es Pissarres, nuestro vino m\u00e1s representativo y la referencia para entender la personalidad de Costers del Priorat. Una bienvenida amable y honesta.<\/p>\n<h5><a href=\"https:\/\/shop.costersdelpriorat.com\/app\/uploads\/2026\/01\/Pissarres-2023-es.pdf\" target=\"_blank\" rel=\"noopener noreferrer\">Ficha t\u00e9cnica<\/a><\/h5>\n<hr>\n<h5 style=\"color:#866a35;\">Distinciones<\/h5>\n<div style=\"border-left:4px solid #866a35; padding:12px 14px; margin:18px 0; border-radius:6px; background:white; max-width:100%;\">\n<div style=\"display:flex; align-items:center; gap:12px;\">\n<div style=\"flex:0 0 auto;\">\n<div style=\"background:#866a35; color:#fff; font-weight:bold; padding:6px 10px; border-radius:6px; font-size:13px;\">PREMIADO<\/div>\n<\/p><\/div>\n<div style=\"flex:1;\">\n<div style=\"font-weight:bold; font-size:15px; color:#222;\">Vinous \u2014 m\u00e1xima distinci\u00f3n<\/div>\n<\/p><\/div>\n<div style=\"flex:0 0 auto; text-align:right;\">\n<div style=\"font-weight:800; font-size:20px; color:#866a35;\">92<span style=\"font-size:12px; font-weight:bold; margin-left:4px;\">pts<\/span><\/div>\n<div style=\"font-size:11px; color:#666;\">Pissarres 2023<\/div>\n<\/p><\/div>\n<\/p><\/div>\n<\/div>\n","protected":false},"featured_media":1013,"template":"","meta":{"_acf_changed":false},"product_brand":[],"product_cat":[34],"product_tag":[],"class_list":{"0":"post-164","1":"product","2":"type-product","3":"status-publish","4":"has-post-thumbnail","6":"product_cat-vinos-tintos","8":"first","9":"instock","10":"taxable","11":"shipping-taxable","12":"purchasable","13":"product-type-variable","14":"has-default-attributes"},"acf":[],"_links":{"self":[{"href":"https:\/\/shop.costersdelpriorat.com\/es\/wp-json\/wp\/v2\/product\/164","targetHints":{"allow":["GET"]}}],"collection":[{"href":"https:\/\/shop.costersdelpriorat.com\/es\/wp-json\/wp\/v2\/product"}],"about":[{"href":"https:\/\/shop.costersdelpriorat.com\/es\/wp-json\/wp\/v2\/types\/product"}],"wp:featuredmedia":[{"embeddable":true,"href":"https:\/\/shop.costersdelpriorat.com\/es\/wp-json\/wp\/v2\/media\/1013"}],"wp:attachment":[{"href":"https:\/\/shop.costersdelpriorat.com\/es\/wp-json\/wp\/v2\/media?parent=164"}],"wp:term":[{"taxonomy":"product_brand","embeddable":true,"href":"https:\/\/shop.costersdelpriorat.com\/es\/wp-json\/wp\/v2\/product_brand?post=164"},{"taxonomy":"product_cat","embeddable":true,"href":"https:\/\/shop.costersdelpriorat.com\/es\/wp-json\/wp\/v2\/product_cat?post=164"},{"taxonomy":"product_tag","embeddable":true,"href":"https:\/\/shop.costersdelpriorat.com\/es\/wp-json\/wp\/v2\/product_tag?post=164"}],"curies":[{"name":"wp","href":"https:\/\/api.w.org\/{rel}","templated":true}]}}