{"id":171,"date":"2020-06-04T08:28:48","date_gmt":"2020-06-04T06:28:48","guid":{"rendered":"https:\/\/shop.costersdelpriorat.com?post_type=product&#038;p=171"},"modified":"2026-01-22T09:29:21","modified_gmt":"2026-01-22T08:29:21","slug":"vino-blanco-blanc-de-closos","status":"publish","type":"product","link":"https:\/\/shop.costersdelpriorat.com\/es\/productos\/vino-blanco-blanc-de-closos\/","title":{"rendered":"Blanc de Closos"},"content":{"rendered":"<p>Desde antiguo, en las las laderas de garnacha tinta y cari\u00f1ena se han plantado cepas dispersas de uva blanca. La finalidad era equilibrar la producci\u00f3n, la acidez y el grado. Esta pr\u00e1ctica ha llegado hasta nuestros d\u00edas como uno de los peque\u00f1os tesoros vit\u00edcolas del Priorat. En los cercados del entorno de Bellmunt, entre las cepas viejas de uva tinta a\u00fan encontramos plantas de variedades blancas. Con sus uvas elaboramos este Blanc de Closos. Es un vino penetrante y potente, de tonos casi agrestes, que nos recuerda el fresco nocturno durante el per\u00edodo de maduraci\u00f3n de la uva.<\/p>\n<p>&nbsp;<\/p>\n<h2>NOTA DE CATA<\/h2>\n<p>Los aromas expresan la personalidad fresca y c\u00edtrica de la garnacha blanca prioratina. Hay notas de piel de fruta y de hierbas arom\u00e1ticas y un ligero rastro de frutas de hueso, como el melocot\u00f3n. En boca es agudo y vivo, marcadamente mineral. Asimismo, se expresa con persistencia y volumen. La maceraci\u00f3n del mosto con los hollejos aporta estructura. Nos gusta decir que representa el Priorat: equilibrio de naturaleza y tradici\u00f3n.<\/p>\n","protected":false},"excerpt":{"rendered":"<h3 class=\"h3-body no-margin pad-bot-50\">Personalidad fresca y equilibrada<\/h3>\n<p>Desde antiguo, en las las laderas de garnacha tinta y cari\u00f1ena se han plantado cepas dispersas de uva blanca. La finalidad era equilibrar la producci\u00f3n, la acidez y el grado. Esta pr\u00e1ctica ha llegado hasta nuestros d\u00edas como uno de los peque\u00f1os tesoros vit\u00edcolas del Priorat. En los cercados del entorno de Bellmunt, entre las cepas viejas de uva tinta a\u00fan encontramos plantas de variedades blancas. Con sus uvas elaboramos este Blanc de Closos. Es un vino penetrante y potente, de tonos casi agrestes, que nos recuerda el fresco nocturno durante el per\u00edodo de maduraci\u00f3n de la uva.<\/p>\n<h5><a href=\"https:\/\/shop.costersdelpriorat.com\/app\/uploads\/2026\/01\/Blanc-de-closos-2024-es.pdf\" target=\"_blank\" rel=\"noopener noreferrer\">Ficha t\u00e9cnica<\/a><\/h5>\n<hr>\n<h5 style=\"color:#866a35;\">Distinciones<\/h5>\n<div style=\"border-left:4px solid #866a35; padding:12px 14px; margin:18px 0; border-radius:6px; background:white; max-width:100%;\">\n<div style=\"display:flex; align-items:center; gap:12px;\">\n<div style=\"flex:0 0 auto;\">\n<div style=\"background:#866a35; color:#fff; font-weight:bold; padding:6px 10px; border-radius:6px; font-size:13px;\">PREMIADO<\/div>\n<\/p><\/div>\n<div style=\"flex:1;\">\n<div style=\"font-weight:bold; font-size:15px; color:#222;\">Vinous \u2014 m\u00e1xima distinci\u00f3n<\/div>\n<\/p><\/div>\n<div style=\"flex:0 0 auto; text-align:right;\">\n<div style=\"font-weight:800; font-size:20px; color:#866a35;\">94<span style=\"font-size:12px; font-weight:bold; margin-left:4px;\">pts<\/span><\/div>\n<div style=\"font-size:11px; color:#666;\">Blanc de Closos 2024<\/div>\n<\/p><\/div>\n<\/p><\/div>\n<\/div>\n","protected":false},"featured_media":173,"template":"","meta":{"_acf_changed":false},"product_brand":[],"product_cat":[32],"product_tag":[],"class_list":{"0":"post-171","1":"product","2":"type-product","3":"status-publish","4":"has-post-thumbnail","6":"product_cat-vinos-blancos","8":"first","9":"instock","10":"taxable","11":"shipping-taxable","12":"purchasable","13":"product-type-variable","14":"has-default-attributes"},"acf":[],"_links":{"self":[{"href":"https:\/\/shop.costersdelpriorat.com\/es\/wp-json\/wp\/v2\/product\/171","targetHints":{"allow":["GET"]}}],"collection":[{"href":"https:\/\/shop.costersdelpriorat.com\/es\/wp-json\/wp\/v2\/product"}],"about":[{"href":"https:\/\/shop.costersdelpriorat.com\/es\/wp-json\/wp\/v2\/types\/product"}],"wp:featuredmedia":[{"embeddable":true,"href":"https:\/\/shop.costersdelpriorat.com\/es\/wp-json\/wp\/v2\/media\/173"}],"wp:attachment":[{"href":"https:\/\/shop.costersdelpriorat.com\/es\/wp-json\/wp\/v2\/media?parent=171"}],"wp:term":[{"taxonomy":"product_brand","embeddable":true,"href":"https:\/\/shop.costersdelpriorat.com\/es\/wp-json\/wp\/v2\/product_brand?post=171"},{"taxonomy":"product_cat","embeddable":true,"href":"https:\/\/shop.costersdelpriorat.com\/es\/wp-json\/wp\/v2\/product_cat?post=171"},{"taxonomy":"product_tag","embeddable":true,"href":"https:\/\/shop.costersdelpriorat.com\/es\/wp-json\/wp\/v2\/product_tag?post=171"}],"curies":[{"name":"wp","href":"https:\/\/api.w.org\/{rel}","templated":true}]}}