{"id":175,"date":"2020-06-04T08:29:45","date_gmt":"2020-06-04T06:29:45","guid":{"rendered":"https:\/\/shop.costersdelpriorat.com?post_type=product&#038;p=175"},"modified":"2026-01-22T09:41:46","modified_gmt":"2026-01-22T08:41:46","slug":"vino-tinto-clos-cypres","status":"publish","type":"product","link":"https:\/\/shop.costersdelpriorat.com\/es\/productos\/vino-tinto-clos-cypres\/","title":{"rendered":"Clos Cypres"},"content":{"rendered":"<p class=\"mar-bot-30\">Las l\u00edneas onduladas y la verticalidad de las laderas de Sant Mart\u00ed dibujan un contraste atrayente. Es la uni\u00f3n de la bravura y el cultivo, de la naturaleza y la cultura vitivin\u00edcola ancestral. Y con Clos Cypres, que homenajea la visi\u00f3n de los cipreses de Bellmunt, queremos hablar de este equilibrio tan sutil y tan patente. Es la expresi\u00f3n de la sabidur\u00eda de la vi\u00f1a vieja, capaz de sublimar el entorno vegetal y mineral del Priorat m\u00e1s sure\u00f1o.<\/p>\n<p>&nbsp;<\/p>\n<h2>NOTA DE CATA<\/h2>\n<p class=\"mar-bot-30\">Este es un vino del sur del Priorat, lo que imprime una vena viva, c\u00e1lida y fragante al car\u00e1cter serio, profundo y enigm\u00e1tico de la vi\u00f1a vieja. Aromas de frutas negras \u2013moras\u2013 y de sotobosque perfumado de notas bals\u00e1micas. La boca es extraordinariamente madura y fresca a la vez. Posee una elegancia natural, como la visi\u00f3n de un paisaje donde los siglos han conseguido colocarlo todo armoniosa-mente. Es como una invitaci\u00f3n que nos hace la naturaleza.<\/p>\n","protected":false},"excerpt":{"rendered":"<h3 class=\"h3-body no-margin pad-bot-50\">Cepas viejas de los costers de Sant Mart\u00ed<\/h3>\n<p class=\"mar-bot-30\">Las l\u00edneas onduladas y la verticalidad de las laderas de Sant Mart\u00ed dibujan un contraste atrayente. Es la uni\u00f3n de la bravura y el cultivo, de la naturaleza y la cultura vitivin\u00edcola ancestral. Y con Clos Cypres, que homenajea la visi\u00f3n de los cipreses de Bellmunt, queremos hablar de este equilibrio tan sutil y tan patente. Es la expresi\u00f3n de la sabidur\u00eda de la vi\u00f1a vieja, capaz de sublimar el entorno vegetal y mineral del Priorat m\u00e1s sure\u00f1o.<\/p>\n<p>&nbsp;<\/p>\n<p><!-- INICIO SECCI\u00d3N DE PREMIOS - EL CSS ESTA EN Apariencia \/ Personalizar \/ Css Adicional --><\/p>\n<h3 class=\"premios-titulo\">&#8211; Premios &#8211;<\/h3>\n<div class=\"premios-container\">\n<p><!-- Premio 1 --><\/p>\n<div class=\"premio\"><img decoding=\"async\" src=\"https:\/\/shop.costersdelpriorat.com\/app\/uploads\/2024\/11\/thumbnail_image003.jpg\" alt=\"MILLOR CARINYENA NEGRA 2021\" \/><\/p>\n<h6>La Guia de Vins de Catalunya 2025<\/h6>\n<p>\u00abMILLOR CARINYENA NEGRA 2021\u00bb<\/p>\n<\/div>\n<p><!-- Premio 2 --><\/p>\n<div class=\"premio\"><img decoding=\"async\" src=\"https:\/\/shop.costersdelpriorat.com\/app\/uploads\/2024\/11\/thumbnail_image003.jpg\" alt=\"MILLOR VI NEGRE 2021\" \/><\/p>\n<h6>La Guia de Vins de Catalunya 2025<\/h6>\n<p>\u00abMILLOR VI NEGRE 2021\u00bb<\/p>\n<\/div>\n<p><!-- Premio (oculto - usar como plantilla) --><br \/>\n<!--\n\n\n<div class=\"premio\">\n        <img decoding=\"async\" src=\"imagen o logo del premio\" alt=\"Premio 3\" \/>\n\n\n<h6>Entidad que da el premio<\/h6>\n\n\nDescripci\u00f3n del Premio 3\n\n<\/div>\n\n\n--><\/p>\n<\/div>\n<p><!-- FIN DE LA SECCION DE PREMIOS --><\/p>\n<p>&nbsp;<\/p>\n<h5><a href=\"https:\/\/shop.costersdelpriorat.com\/app\/uploads\/2026\/01\/Clos-Cypres-2022-es.pdf\" target=\"_blank\" rel=\"noopener noreferrer\">Ficha t\u00e9cnica<\/a><\/h5>\n<hr>\n<h5 style=\"color:#866a35;\">Distinciones<\/h5>\n<div style=\"border-left:4px solid #866a35; padding:12px 14px; margin:18px 0; border-radius:6px; background:white; max-width:100%;\">\n<div style=\"display:flex; align-items:center; gap:12px;\">\n<div style=\"flex:0 0 auto;\">\n<div style=\"background:#866a35; color:#fff; font-weight:bold; padding:6px 10px; border-radius:6px; font-size:13px;\">PREMIADO<\/div>\n<\/p><\/div>\n<div style=\"flex:1;\">\n<div style=\"font-weight:bold; font-size:15px; color:#222;\">Vinous \u2014 m\u00e1xima distinci\u00f3n<\/div>\n<\/p><\/div>\n<div style=\"flex:0 0 auto; text-align:right;\">\n<div style=\"font-weight:800; font-size:20px; color:#866a35;\">94<span style=\"font-size:12px; font-weight:bold; margin-left:4px;\">pts<\/span><\/div>\n<div style=\"font-size:11px; color:#666;\">Clos Cypres 2022<\/div>\n<\/p><\/div>\n<\/p><\/div>\n<\/div>\n","protected":false},"featured_media":177,"template":"","meta":{"_acf_changed":false},"product_brand":[],"product_cat":[34],"product_tag":[],"class_list":{"0":"post-175","1":"product","2":"type-product","3":"status-publish","4":"has-post-thumbnail","6":"product_cat-vinos-tintos","8":"first","9":"instock","10":"taxable","11":"shipping-taxable","12":"purchasable","13":"product-type-variable","14":"has-default-attributes"},"acf":[],"_links":{"self":[{"href":"https:\/\/shop.costersdelpriorat.com\/es\/wp-json\/wp\/v2\/product\/175","targetHints":{"allow":["GET"]}}],"collection":[{"href":"https:\/\/shop.costersdelpriorat.com\/es\/wp-json\/wp\/v2\/product"}],"about":[{"href":"https:\/\/shop.costersdelpriorat.com\/es\/wp-json\/wp\/v2\/types\/product"}],"wp:featuredmedia":[{"embeddable":true,"href":"https:\/\/shop.costersdelpriorat.com\/es\/wp-json\/wp\/v2\/media\/177"}],"wp:attachment":[{"href":"https:\/\/shop.costersdelpriorat.com\/es\/wp-json\/wp\/v2\/media?parent=175"}],"wp:term":[{"taxonomy":"product_brand","embeddable":true,"href":"https:\/\/shop.costersdelpriorat.com\/es\/wp-json\/wp\/v2\/product_brand?post=175"},{"taxonomy":"product_cat","embeddable":true,"href":"https:\/\/shop.costersdelpriorat.com\/es\/wp-json\/wp\/v2\/product_cat?post=175"},{"taxonomy":"product_tag","embeddable":true,"href":"https:\/\/shop.costersdelpriorat.com\/es\/wp-json\/wp\/v2\/product_tag?post=175"}],"curies":[{"name":"wp","href":"https:\/\/api.w.org\/{rel}","templated":true}]}}