{"id":178,"date":"2020-06-04T08:30:39","date_gmt":"2020-06-04T06:30:39","guid":{"rendered":"https:\/\/shop.costersdelpriorat.com?post_type=product&#038;p=178"},"modified":"2026-01-22T09:36:48","modified_gmt":"2026-01-22T08:36:48","slug":"vino-tinto-clos-alzina","status":"publish","type":"product","link":"https:\/\/shop.costersdelpriorat.com\/es\/productos\/vino-tinto-clos-alzina\/","title":{"rendered":"Clos Alzina"},"content":{"rendered":"<p class=\"mar-bot-30\">Un tono de \u00edntimo misterio planea sobre las laderas que rodean la mas\u00eda Alsera. El lugar condensa siglos de trabajo y el paisaje m\u00edstico de los costers que parecen dialogar reverentes con la sierra del Montsant. Clos Alzina refleja esta relaci\u00f3n profunda entre la tierra y la gente, que resulta en un emocionante vino lleno de una frescura original, de pureza y de verdad.<\/p>\n<p>&nbsp;<\/p>\n<h2>NOTA DE CATA<\/h2>\n<p class=\"mar-bot-30\">Tenemos con Clos Alzina un honesto reflejo de su entorno original, el paisaje m\u00e1gico de laderas y barrancos que rodea por el sur la antigua mas\u00eda de Alsera, en Torroja del Priorat. As\u00ed, encontramos una carga arom\u00e1tica compleja, profunda y equilibrada, que suma el intenso ecosistema vegetal mediterr\u00e1neo y la marcada y madura frutosidad de la uva de vi\u00f1as viejas. En boca es potente, sabroso y al mismo tiempo fino y de una acidez bien integrada, rica en frescura mineral.<\/p>\n","protected":false},"excerpt":{"rendered":"<h3 class=\"h3-body no-margin pad-bot-50\">Cepas viejas de los costers de Mas Alsera<\/h3>\n<p class=\"mar-bot-30\">Un tono de \u00edntimo misterio planea sobre las laderas que rodean la mas\u00eda Alsera. El lugar condensa siglos de trabajo y el paisaje m\u00edstico de los costers que parecen dialogar reverentes con la sierra del Montsant. Clos Alzina refleja esta relaci\u00f3n profunda entre la tierra y la gente, que resulta en un emocionante vino lleno de una frescura original, de pureza y de verdad.<\/p>\n<h5><a href=\"https:\/\/shop.costersdelpriorat.com\/app\/uploads\/2026\/01\/Clos-Alzina-2022-es.pdf\" target=\"_blank\" rel=\"noopener noreferrer\">Ficha t\u00e9cnica<\/a><\/h5>\n<hr>\n<h5 style=\"color:#866a35;\">Distinciones<\/h5>\n<div style=\"border-left:4px solid #866a35; padding:12px 14px; margin:18px 0; border-radius:6px; background:white; max-width:100%;\">\n<div style=\"display:flex; align-items:center; gap:12px;\">\n<div style=\"flex:0 0 auto;\">\n<div style=\"background:#866a35; color:#fff; font-weight:bold; padding:6px 10px; border-radius:6px; font-size:13px;\">PREMIADO<\/div>\n<\/p><\/div>\n<div style=\"flex:1;\">\n<div style=\"font-weight:bold; font-size:15px; color:#222;\">Vinous \u2014 m\u00e1xima distinci\u00f3n<\/div>\n<\/p><\/div>\n<div style=\"flex:0 0 auto; text-align:right;\">\n<div style=\"font-weight:800; font-size:20px; color:#866a35;\">97<span style=\"font-size:12px; font-weight:bold; margin-left:4px;\">pts<\/span><\/div>\n<div style=\"font-size:11px; color:#666;\">Clos Alzina 2022<\/div>\n<\/p><\/div>\n<\/p><\/div>\n<\/div>\n","protected":false},"featured_media":180,"template":"","meta":{"_acf_changed":false},"product_brand":[],"product_cat":[34],"product_tag":[],"class_list":{"0":"post-178","1":"product","2":"type-product","3":"status-publish","4":"has-post-thumbnail","6":"product_cat-vinos-tintos","8":"first","9":"instock","10":"taxable","11":"shipping-taxable","12":"purchasable","13":"product-type-variable","14":"has-default-attributes"},"acf":[],"_links":{"self":[{"href":"https:\/\/shop.costersdelpriorat.com\/es\/wp-json\/wp\/v2\/product\/178","targetHints":{"allow":["GET"]}}],"collection":[{"href":"https:\/\/shop.costersdelpriorat.com\/es\/wp-json\/wp\/v2\/product"}],"about":[{"href":"https:\/\/shop.costersdelpriorat.com\/es\/wp-json\/wp\/v2\/types\/product"}],"wp:featuredmedia":[{"embeddable":true,"href":"https:\/\/shop.costersdelpriorat.com\/es\/wp-json\/wp\/v2\/media\/180"}],"wp:attachment":[{"href":"https:\/\/shop.costersdelpriorat.com\/es\/wp-json\/wp\/v2\/media?parent=178"}],"wp:term":[{"taxonomy":"product_brand","embeddable":true,"href":"https:\/\/shop.costersdelpriorat.com\/es\/wp-json\/wp\/v2\/product_brand?post=178"},{"taxonomy":"product_cat","embeddable":true,"href":"https:\/\/shop.costersdelpriorat.com\/es\/wp-json\/wp\/v2\/product_cat?post=178"},{"taxonomy":"product_tag","embeddable":true,"href":"https:\/\/shop.costersdelpriorat.com\/es\/wp-json\/wp\/v2\/product_tag?post=178"}],"curies":[{"name":"wp","href":"https:\/\/api.w.org\/{rel}","templated":true}]}}