{"id":1813,"date":"2023-02-08T10:00:26","date_gmt":"2023-02-08T09:00:26","guid":{"rendered":"https:\/\/shop.costersdelpriorat.com\/?post_type=product&#038;p=1813"},"modified":"2026-01-16T14:21:20","modified_gmt":"2026-01-16T13:21:20","slug":"memories-cal-borras","status":"publish","type":"product","link":"https:\/\/shop.costersdelpriorat.com\/es\/productos\/memories-cal-borras\/","title":{"rendered":"Mem\u00f2ries Cal Borr\u00e0s"},"content":{"rendered":"<p>Vino rancio con l\u00edas de 1941 proveniente de Cal Borr\u00e0s (Bellmunt del Priorat). Desde entonces, tres generaciones de la familia Borr\u00e0s han mantenido vivo su legado.<\/p>\n","protected":false},"excerpt":{"rendered":"<p>Vino rancio con l\u00edas de 1941 proveniente de Cal Borr\u00e0s (Bellmunt del Priorat). Desde entonces, tres generaciones de la familia Borr\u00e0s han mantenido vivo su legado.<\/p>\n<hr>\n<h5 style=\"color:#866a35;\">Distinciones<\/h5>\n<div style=\"border-left:4px solid #866a35; padding:12px 14px; margin:18px 0; border-radius:6px; background:white; max-width:100%;\">\n<div style=\"display:flex; align-items:center; gap:12px;\">\n<div style=\"flex:0 0 auto;\">\n<div style=\"background:#866a35; color:#fff; font-weight:bold; padding:6px 10px; border-radius:6px; font-size:13px;\">PREMIADO<\/div>\n<\/p><\/div>\n<div style=\"flex:1;\">\n<div style=\"font-weight:bold; font-size:15px; color:#222;\">Medalla de plata en vinos oxidativos del Rosell\u00f3 2025<\/div>\n<\/p><\/div>\n<\/p><\/div>\n<\/div>\n","protected":false},"featured_media":1816,"template":"","meta":{"_acf_changed":false},"product_brand":[],"product_cat":[67],"product_tag":[],"class_list":{"0":"post-1813","1":"product","2":"type-product","3":"status-publish","4":"has-post-thumbnail","6":"product_cat-vinos-rancios","8":"first","9":"instock","10":"taxable","11":"shipping-taxable","12":"purchasable","13":"product-type-variable","14":"has-default-attributes"},"acf":[],"_links":{"self":[{"href":"https:\/\/shop.costersdelpriorat.com\/es\/wp-json\/wp\/v2\/product\/1813","targetHints":{"allow":["GET"]}}],"collection":[{"href":"https:\/\/shop.costersdelpriorat.com\/es\/wp-json\/wp\/v2\/product"}],"about":[{"href":"https:\/\/shop.costersdelpriorat.com\/es\/wp-json\/wp\/v2\/types\/product"}],"wp:featuredmedia":[{"embeddable":true,"href":"https:\/\/shop.costersdelpriorat.com\/es\/wp-json\/wp\/v2\/media\/1816"}],"wp:attachment":[{"href":"https:\/\/shop.costersdelpriorat.com\/es\/wp-json\/wp\/v2\/media?parent=1813"}],"wp:term":[{"taxonomy":"product_brand","embeddable":true,"href":"https:\/\/shop.costersdelpriorat.com\/es\/wp-json\/wp\/v2\/product_brand?post=1813"},{"taxonomy":"product_cat","embeddable":true,"href":"https:\/\/shop.costersdelpriorat.com\/es\/wp-json\/wp\/v2\/product_cat?post=1813"},{"taxonomy":"product_tag","embeddable":true,"href":"https:\/\/shop.costersdelpriorat.com\/es\/wp-json\/wp\/v2\/product_tag?post=1813"}],"curies":[{"name":"wp","href":"https:\/\/api.w.org\/{rel}","templated":true}]}}