{"id":1819,"date":"2023-02-08T10:22:01","date_gmt":"2023-02-08T09:22:01","guid":{"rendered":"https:\/\/shop.costersdelpriorat.com\/?post_type=product&#038;p=1819"},"modified":"2026-01-16T14:06:36","modified_gmt":"2026-01-16T13:06:36","slug":"memories-ca-la-rosita","status":"publish","type":"product","link":"https:\/\/shop.costersdelpriorat.com\/es\/productos\/memories-ca-la-rosita\/","title":{"rendered":"Mem\u00f2ries Ca la Rosita"},"content":{"rendered":"<p>Vino rancio elaborado por primera vez por la Rosita de Ca la Rosita, que en 1987 reserv\u00f3 una peque\u00f1a bota de garnacha del vi\u00f1edo de su hijo, Josep Ramon Sed\u00f3, para consumo propio.<\/p>\n","protected":false},"excerpt":{"rendered":"<p>Vino rancio elaborado por primera vez por la Rosita de Ca la Rosita, que en 1987 reserv\u00f3 una peque\u00f1a bota de garnacha del vi\u00f1edo de su hijo, Josep Ramon Sed\u00f3, para consumo propio.<\/p>\n","protected":false},"featured_media":1824,"template":"","meta":{"_acf_changed":false},"product_brand":[],"product_cat":[67],"product_tag":[],"class_list":{"0":"post-1819","1":"product","2":"type-product","3":"status-publish","4":"has-post-thumbnail","6":"product_cat-vinos-rancios","8":"first","9":"instock","10":"taxable","11":"shipping-taxable","12":"purchasable","13":"product-type-variable","14":"has-default-attributes"},"acf":[],"_links":{"self":[{"href":"https:\/\/shop.costersdelpriorat.com\/es\/wp-json\/wp\/v2\/product\/1819","targetHints":{"allow":["GET"]}}],"collection":[{"href":"https:\/\/shop.costersdelpriorat.com\/es\/wp-json\/wp\/v2\/product"}],"about":[{"href":"https:\/\/shop.costersdelpriorat.com\/es\/wp-json\/wp\/v2\/types\/product"}],"wp:featuredmedia":[{"embeddable":true,"href":"https:\/\/shop.costersdelpriorat.com\/es\/wp-json\/wp\/v2\/media\/1824"}],"wp:attachment":[{"href":"https:\/\/shop.costersdelpriorat.com\/es\/wp-json\/wp\/v2\/media?parent=1819"}],"wp:term":[{"taxonomy":"product_brand","embeddable":true,"href":"https:\/\/shop.costersdelpriorat.com\/es\/wp-json\/wp\/v2\/product_brand?post=1819"},{"taxonomy":"product_cat","embeddable":true,"href":"https:\/\/shop.costersdelpriorat.com\/es\/wp-json\/wp\/v2\/product_cat?post=1819"},{"taxonomy":"product_tag","embeddable":true,"href":"https:\/\/shop.costersdelpriorat.com\/es\/wp-json\/wp\/v2\/product_tag?post=1819"}],"curies":[{"name":"wp","href":"https:\/\/api.w.org\/{rel}","templated":true}]}}