{"id":1901,"date":"2023-03-24T10:41:35","date_gmt":"2023-03-24T09:41:35","guid":{"rendered":"https:\/\/shop.costersdelpriorat.com\/?post_type=product&#038;p=1901"},"modified":"2026-01-22T10:08:16","modified_gmt":"2026-01-22T09:08:16","slug":"rocafosca-blanc","status":"publish","type":"product","link":"https:\/\/shop.costersdelpriorat.com\/es\/productos\/rocafosca-blanc\/","title":{"rendered":"Rocafosca blanc"},"content":{"rendered":"<p>Escoger las mejores uvas de las variedades blancas significa limitar a\u00fan m\u00e1s su disponibilidad, escasa ya desde un principio. Pero la recompensa es extraordinaria: una fruta de una profundidad y una vida que dejan sin palabras. Rocafosca es un compendio de expresividad, desde las notas minerales muy puras hasta las sutilidades c\u00edtricas y florales, enmarcadas por una naturaleza mediterr\u00e1nea, de mundo agreste ordenado por la tierra, el clima y la historia de un cultivo paciente. Un vino que es la culminaci\u00f3n de muchas energ\u00edas.<\/p>\n<h2>ELABORACI\u00d3N<\/h2>\n<p>Vino brisado durante los 15 d\u00edas de la fermentaci\u00f3n<\/p>\n<h2>NOTA DE CATA<\/h2>\n<p>En nariz encontramos la marcada personalidad de la garnacha blanca prioratina, con caracter\u00edsticas de notas de flor blanca, de hierbas arom\u00e1ticas y piel de fruta. En boca es un vino untuoso con sabores c\u00edtricos y toques ahumados. El final es muy persistente y ofrece un toque de dulzura que sorprende y enamora.<\/p>\n<h2>GASTRONOM\u00cdA<\/h2>\n<p>Es perfecto como copa entre horas, como aperitivo y, como acompa\u00f1ante de platos de mar. Sin embargo, ofrece muchas opciones con recetas menos evidentes, como setas de primavera, xatonadas de invierno o grasas sardinas en oto\u00f1o.<\/p>\n","protected":false},"excerpt":{"rendered":"<h3>Rocafosca es un compendio de expresividad, desde las notas minerales muy puras hasta las sutilidades c\u00edtricas y florales<\/h3>\n<p>Escoger las mejores uvas de las variedades blancas significa limitar a\u00fan m\u00e1s su disponibilidad, escasa ya desde un principio. Pero la recompensa es extraordinaria: una fruta de una profundidad y una vida que dejan sin palabras. Rocafosca es un compendio de expresividad, desde las notas minerales muy puras hasta las sutilidades c\u00edtricas y florales, enmarcadas por una naturaleza mediterr\u00e1nea, de mundo agreste ordenado por la tierra, el clima y la historia de un cultivo paciente. Un vino que es la culminaci\u00f3n de muchas energ\u00edas.<\/p>\n<h5><a href=\"https:\/\/shop.costersdelpriorat.com\/app\/uploads\/2026\/01\/Rocafosca-blanc-2024-es.pdf\" target=\"_blank\" rel=\"noopener\">Ficha t\u00e9cnica<\/a><\/h5>\n<hr>\n<h5 style=\"color:#866a35;\">Distinciones<\/h5>\n<div style=\"border-left:4px solid #866a35; padding:12px 14px; margin:18px 0; border-radius:6px; background:white; max-width:100%;\">\n<div style=\"display:flex; align-items:center; gap:12px;\">\n<div style=\"flex:0 0 auto;\">\n<div style=\"background:#866a35; color:#fff; font-weight:bold; padding:6px 10px; border-radius:6px; font-size:13px;\">PREMIADO<\/div>\n<\/p><\/div>\n<div style=\"flex:1;\">\n<div style=\"font-weight:bold; font-size:15px; color:#222;\">Vinous \u2014 m\u00e1xima distinci\u00f3n<\/div>\n<\/p><\/div>\n<div style=\"flex:0 0 auto; text-align:right;\">\n<div style=\"font-weight:800; font-size:20px; color:#866a35;\">92<span style=\"font-size:12px; font-weight:bold; margin-left:4px;\">pts<\/span><\/div>\n<div style=\"font-size:11px; color:#666;\">Rocafosca Blanc 2024<\/div>\n<\/p><\/div>\n<\/p><\/div>\n<\/div>\n","protected":false},"featured_media":1903,"template":"","meta":{"_acf_changed":false},"product_brand":[],"product_cat":[32],"product_tag":[],"class_list":{"0":"post-1901","1":"product","2":"type-product","3":"status-publish","4":"has-post-thumbnail","6":"product_cat-vinos-blancos","8":"first","9":"instock","10":"taxable","11":"shipping-taxable","12":"purchasable","13":"product-type-variable","14":"has-default-attributes"},"acf":[],"_links":{"self":[{"href":"https:\/\/shop.costersdelpriorat.com\/es\/wp-json\/wp\/v2\/product\/1901","targetHints":{"allow":["GET"]}}],"collection":[{"href":"https:\/\/shop.costersdelpriorat.com\/es\/wp-json\/wp\/v2\/product"}],"about":[{"href":"https:\/\/shop.costersdelpriorat.com\/es\/wp-json\/wp\/v2\/types\/product"}],"wp:featuredmedia":[{"embeddable":true,"href":"https:\/\/shop.costersdelpriorat.com\/es\/wp-json\/wp\/v2\/media\/1903"}],"wp:attachment":[{"href":"https:\/\/shop.costersdelpriorat.com\/es\/wp-json\/wp\/v2\/media?parent=1901"}],"wp:term":[{"taxonomy":"product_brand","embeddable":true,"href":"https:\/\/shop.costersdelpriorat.com\/es\/wp-json\/wp\/v2\/product_brand?post=1901"},{"taxonomy":"product_cat","embeddable":true,"href":"https:\/\/shop.costersdelpriorat.com\/es\/wp-json\/wp\/v2\/product_cat?post=1901"},{"taxonomy":"product_tag","embeddable":true,"href":"https:\/\/shop.costersdelpriorat.com\/es\/wp-json\/wp\/v2\/product_tag?post=1901"}],"curies":[{"name":"wp","href":"https:\/\/api.w.org\/{rel}","templated":true}]}}