{"id":3834,"date":"2025-07-10T07:30:34","date_gmt":"2025-07-10T05:30:34","guid":{"rendered":"https:\/\/shop.costersdelpriorat.com\/?post_type=product&#038;p=3834"},"modified":"2025-07-11T12:13:23","modified_gmt":"2025-07-11T10:13:23","slug":"pack-verano","status":"publish","type":"product","link":"https:\/\/shop.costersdelpriorat.com\/es\/productos\/pack-verano\/","title":{"rendered":"PACK VERANO"},"content":{"rendered":"<p><span data-olk-copy-source=\"MessageBody\">\u00a0<\/span><\/p>\n<p><b>\ud83c\udfd6\ufe0f<\/b><b>\u00a0PACK VERANO \u2013 Frescura y alegr\u00eda en cada copa<\/b><\/p>\n<p>Disfruta del verano con este pack especial pensado para los d\u00edas de sol, terrazas y buena compa\u00f1\u00eda.<\/p>\n<p>Vinos blancos del Priorat, elaborados por primera vez con\u00a0<i>carinyena blanca<\/i>, una variedad poco com\u00fan y muy apreciada. Son vinos frescos, vibrantes y llenos de car\u00e1cter mineral, perfectos para acompa\u00f1ar mariscos, arroces o simplemente para refrescarte en una tarde calurosa.<\/p>\n<p>Vino tinto afrutado, ideal para esta temporada. Ligero, con una explosi\u00f3n de fruta roja y un perfil alegre y desenfadado que lo hace perfecto para tomar un poco m\u00e1s fresco de lo habitual. Acompa\u00f1a muy bien tapas, carnes blancas o incluso platos fr\u00edos.<\/p>\n<p><strong>EL PACK VERANO INCLUYE:<\/strong><\/p>\n<p>2 botellas \u2013 <strong>ROCAFOSCA BLANC\u201924\u00a0<\/strong>\u00a0&#8211; Garncha blanca, Macabeu \u00a0y\u00a0<b>\u00a0<\/b>Cari\u00f1ena blanca (NOVEDAD)<\/p>\n<p>2 botellas \u2013 <strong>BLANC DE CLOSOS\u201924<\/strong> \u2013 100% Cari\u00f1ena blanca<\/p>\n<p>2 botellas \u2013 <strong>PISSARRES \u201923<\/strong> \u2013 70% Garnacha y 30% Cari\u00f1ena<\/p>\n<ul type=\"disc\">\n<li>Env\u00edo gratuito pen\u00ednsula<\/li>\n<\/ul>\n","protected":false},"excerpt":{"rendered":"<p><span data-olk-copy-source=\"MessageBody\">\u00a0<\/span><\/p>\n<p><b>\ud83c\udfd6\ufe0f <\/b><b><\/b><b><span data-olk-copy-source=\"MessageBody\">PACK VERANO \u2013 Frescura y alegr\u00eda en cada copa<\/span><\/b><\/p>\n<p>Disfruta del verano con este pack especial pensado para los d\u00edas de sol, terrazas y buena compa\u00f1\u00eda.<\/p>\n<p>Vinos blancos del Priorat, elaborados por primera vez con\u00a0<i>carinyena blanca<\/i>, una variedad poco com\u00fan y muy apreciada. Son vinos frescos, vibrantes y llenos de car\u00e1cter mineral, perfectos para acompa\u00f1ar mariscos, arroces o simplemente para refrescarte en una tarde calurosa.<\/p>\n<p>Vino tinto afrutado, ideal para esta temporada. Ligero, con una explosi\u00f3n de fruta roja y un perfil alegre y desenfadado que lo hace perfecto para tomar un poco m\u00e1s fresco de lo habitual. Acompa\u00f1a muy bien tapas, carnes blancas o incluso platos fr\u00edos.<\/p>\n<p><strong>EL PACK VERANO INCLUYE:<\/strong><\/p>\n<p>2 botellas \u2013 <strong>ROCAFOSCA BLANC\u201924<\/strong>\u00a0\u00a0&#8211; Garncha blanca, Macabeu \u00a0y\u00a0<b>\u00a0<\/b>Cari\u00f1ena blanca (NOVEDAD)<\/p>\n<p>2 botellas \u2013 <strong>BLANC DE CLOSOS\u201924<\/strong> \u2013 100% Cari\u00f1ena blanca<\/p>\n<p>2 botellas \u2013 P<strong>ISSARRES \u201923<\/strong> \u2013 70% Garnacha y 30% Cari\u00f1ena<\/p>\n<ul type=\"disc\">\n<li>Env\u00edo gratuito pen\u00ednsula<\/li>\n<\/ul>\n","protected":false},"featured_media":3835,"template":"","meta":{"_acf_changed":false},"product_brand":[],"product_cat":[131],"product_tag":[],"class_list":{"0":"post-3834","1":"product","2":"type-product","3":"status-publish","4":"has-post-thumbnail","6":"product_cat-pack","8":"first","9":"instock","10":"taxable","11":"shipping-taxable","12":"purchasable","13":"product-type-simple"},"acf":[],"_links":{"self":[{"href":"https:\/\/shop.costersdelpriorat.com\/es\/wp-json\/wp\/v2\/product\/3834","targetHints":{"allow":["GET"]}}],"collection":[{"href":"https:\/\/shop.costersdelpriorat.com\/es\/wp-json\/wp\/v2\/product"}],"about":[{"href":"https:\/\/shop.costersdelpriorat.com\/es\/wp-json\/wp\/v2\/types\/product"}],"wp:featuredmedia":[{"embeddable":true,"href":"https:\/\/shop.costersdelpriorat.com\/es\/wp-json\/wp\/v2\/media\/3835"}],"wp:attachment":[{"href":"https:\/\/shop.costersdelpriorat.com\/es\/wp-json\/wp\/v2\/media?parent=3834"}],"wp:term":[{"taxonomy":"product_brand","embeddable":true,"href":"https:\/\/shop.costersdelpriorat.com\/es\/wp-json\/wp\/v2\/product_brand?post=3834"},{"taxonomy":"product_cat","embeddable":true,"href":"https:\/\/shop.costersdelpriorat.com\/es\/wp-json\/wp\/v2\/product_cat?post=3834"},{"taxonomy":"product_tag","embeddable":true,"href":"https:\/\/shop.costersdelpriorat.com\/es\/wp-json\/wp\/v2\/product_tag?post=3834"}],"curies":[{"name":"wp","href":"https:\/\/api.w.org\/{rel}","templated":true}]}}