{"id":387,"date":"2020-09-18T20:18:01","date_gmt":"2020-09-18T18:18:01","guid":{"rendered":"https:\/\/shop.costersdelpriorat.com?post_type=product&#038;p=387"},"modified":"2026-01-16T14:24:34","modified_gmt":"2026-01-16T13:24:34","slug":"vino-rancio-memories-cal-marcelino-1870","status":"publish","type":"product","link":"https:\/\/shop.costersdelpriorat.com\/es\/productos\/vino-rancio-memories-cal-marcelino-1870\/","title":{"rendered":"Mem\u00f2ries Cal Marcelino"},"content":{"rendered":"<p class=\"mar-bot-30\">Revisitar el pasado, caminar por los senderos de las laderas cubiertas de vi\u00f1a hasta la cima, sentir la esencia del lugar. Un trago de Ranci de Costers detiene el tiempo. No es ahora ni es ayer. Es todo. La energ\u00eda de la tierra, la pizarra desmenuzada, las hebras de romero, la coscoja resistente, la madreselva de los rincones m\u00e1s frescos, la brisa de las tardes y la oscuridad de las bodegas. Secreto ancestral del Priorat que tenemos la fortuna de elaborar, beber y sentir.<\/p>\n<p>&nbsp;<\/p>\n<h2>NOTA DE CATA<\/h2>\n<p class=\"mar-bot-30\">Vino rancio naturalmente oxidado. A la vista presenta un color \u00e1mbar muy os-curo, de intensidad m\u00e1xima, con reflejos de bronce brillante. La tradici\u00f3n popular del Priorat llama a este color \u201coro viejo\u201d. La textura es densa y aceitosa. En nariz sorprende el equilibrio entre complejidad y sutileza. Es profundo y fino, con notas de tostados, incienso, frutos secos, hierbas secas, tabaco y miel. En boca es amplio, suave, de paso amable y lleno.<\/p>\n","protected":false},"excerpt":{"rendered":"<h3 class=\"h3-body no-margin pad-bot-50\">El sue\u00f1o de revivir una antigua tradici\u00f3n<\/h3>\n<p class=\"mar-bot-30\">Revisitar el pasado, caminar por los senderos de las laderas cubiertas de vi\u00f1a hasta la cima, sentir la esencia del lugar. Un trago de Ranci de Costers detiene el tiempo. No es ahora ni es ayer. Es todo. La energ\u00eda de la tierra, la pizarra desmenuzada, las hebras de romero, la coscoja resistente, la madreselva de los rincones m\u00e1s frescos, la brisa de las tardes y la oscuridad de las bodegas. Secreto ancestral del Priorat que tenemos la fortuna de elaborar, beber y sentir.<\/p>\n<h5><a href=\"http:\/\/costersdelpriorat.com\/images\/pdf\/es\/memories-ranci-1870.pdf\" target=\"_blank\" rel=\"noopener noreferrer\">Ficha t\u00e9cnica<\/a><\/h5>\n<hr>\n<h5 style=\"color:#866a35;\">Distinciones<\/h5>\n<div style=\"border-left:4px solid #866a35; padding:12px 14px; margin:18px 0; border-radius:6px; background:white; max-width:100%;\">\n<div style=\"display:flex; align-items:center; gap:12px;\">\n<div style=\"flex:0 0 auto;\">\n<div style=\"background:#866a35; color:#fff; font-weight:bold; padding:6px 10px; border-radius:6px; font-size:13px;\">PREMIADO<\/div>\n<\/p><\/div>\n<div style=\"flex:1;\">\n<div style=\"font-weight:bold; font-size:15px; color:#222;\">Mejor Ranci en Decanter \u2013 97 puntos (2024)<\/div>\n<\/p><\/div>\n<\/p><\/div>\n<\/div>\n","protected":false},"featured_media":449,"template":"","meta":{"_acf_changed":false},"product_brand":[],"product_cat":[67],"product_tag":[],"class_list":{"0":"post-387","1":"product","2":"type-product","3":"status-publish","4":"has-post-thumbnail","6":"product_cat-vinos-rancios","8":"first","9":"instock","10":"taxable","11":"shipping-taxable","12":"purchasable","13":"product-type-variable","14":"has-default-attributes"},"acf":[],"_links":{"self":[{"href":"https:\/\/shop.costersdelpriorat.com\/es\/wp-json\/wp\/v2\/product\/387","targetHints":{"allow":["GET"]}}],"collection":[{"href":"https:\/\/shop.costersdelpriorat.com\/es\/wp-json\/wp\/v2\/product"}],"about":[{"href":"https:\/\/shop.costersdelpriorat.com\/es\/wp-json\/wp\/v2\/types\/product"}],"wp:featuredmedia":[{"embeddable":true,"href":"https:\/\/shop.costersdelpriorat.com\/es\/wp-json\/wp\/v2\/media\/449"}],"wp:attachment":[{"href":"https:\/\/shop.costersdelpriorat.com\/es\/wp-json\/wp\/v2\/media?parent=387"}],"wp:term":[{"taxonomy":"product_brand","embeddable":true,"href":"https:\/\/shop.costersdelpriorat.com\/es\/wp-json\/wp\/v2\/product_brand?post=387"},{"taxonomy":"product_cat","embeddable":true,"href":"https:\/\/shop.costersdelpriorat.com\/es\/wp-json\/wp\/v2\/product_cat?post=387"},{"taxonomy":"product_tag","embeddable":true,"href":"https:\/\/shop.costersdelpriorat.com\/es\/wp-json\/wp\/v2\/product_tag?post=387"}],"curies":[{"name":"wp","href":"https:\/\/api.w.org\/{rel}","templated":true}]}}