{"id":403,"date":"2020-09-21T16:39:31","date_gmt":"2020-09-21T14:39:31","guid":{"rendered":"https:\/\/shop.costersdelpriorat.com?post_type=product&#038;p=403"},"modified":"2024-12-19T12:52:18","modified_gmt":"2024-12-19T11:52:18","slug":"vino-rancio-memories-dolc-ranci","status":"publish","type":"product","link":"https:\/\/shop.costersdelpriorat.com\/es\/productos\/vino-rancio-memories-dolc-ranci\/","title":{"rendered":"Mem\u00f2ries dol\u00e7 ranci"},"content":{"rendered":"<p class=\"mar-bot-30\">En el Priorat hay una larga tradici\u00f3n de elaboraci\u00f3n de vinos dulces y rancios. Muchas familias guardaban en el fondo de la bodega una vieja barrica de rancio. Cuando un hijo se iba de casa, los padres le daban una parte de la solera. De esta manera el rancio de la familia perviv\u00eda en un nuevo hogar. Cada generaci\u00f3n pasaba a la siguiente parte del patrimonio, del gusto y de la memoria familiar. De ah\u00ed este Mem\u00f2ries, que representa el v\u00ednculo con las pr\u00e1cticas ancestrales, el recuerdo de los momentos de consumo cotidiano y el homenaje al esfuerzo de siglos de las familias de esta tierra de potencia at\u00e1vica.<\/p>\n<p>&nbsp;<\/p>\n<h2>NOTA DE CATA<\/h2>\n<p class=\"mar-bot-30\">Los aromas potentes y cl\u00e1sicos. Los recuerdos de miel. Los matices salinos, ahumados, antiguos. Es la magia del tiempo, el nervio de una fruta dulce, el trabajo del sol y la frescura sombr\u00eda de los rincones de un caser\u00f3n de pueblo. Una entrada en boca amable y suave que enseguida se hace profunda y muy larga. Notas de caramelos, almendras, higos maduros y secos, caf\u00e9 y chocolate. Longitud, encanto y calidez. Un vino de calma, meditaci\u00f3n y emoci\u00f3n. La boca es extraordinariamente madura y fresca a la vez. Posee una elegancia natural, como la visi\u00f3n de un paisaje donde los siglos han conseguido colocarlo todo armoniosamente. Es como una invitaci\u00f3n que nos hace la naturaleza.<\/p>\n","protected":false},"excerpt":{"rendered":"<h3 class=\"h3-body no-margin pad-bot-50\">Expresi\u00f3n de un Priorat eterno<\/h3>\n<p class=\"mar-bot-30\">En el Priorat hay una larga tradici\u00f3n de elaboraci\u00f3n de vinos dulces y rancios. Muchas familias guardaban en el fondo de la bodega una vieja barrica de rancio. Cuando un hijo se iba de casa, los padres le daban una parte de la solera. De esta manera el rancio de la familia perviv\u00eda en un nuevo hogar. Cada generaci\u00f3n pasaba a la siguiente parte del patrimonio, del gusto y de la memoria familiar. De ah\u00ed este Mem\u00f2ries, que representa el v\u00ednculo con las pr\u00e1cticas ancestrales, el recuerdo de los momentos de consumo cotidiano y el homenaje al esfuerzo de siglos de las familias de esta tierra de potencia at\u00e1vica.<\/p>\n<h5><a href=\"https:\/\/shop.costersdelpriorat.com\/app\/uploads\/2024\/01\/product-sheet-memories-dulce-ranci-2020-es.pdf\" target=\"_blank\" rel=\"noopener noreferrer\">Ficha t\u00e9cnica<\/a><\/h5>\n","protected":false},"featured_media":446,"template":"","meta":{"_acf_changed":false},"product_brand":[],"product_cat":[67],"product_tag":[],"class_list":{"0":"post-403","1":"product","2":"type-product","3":"status-publish","4":"has-post-thumbnail","6":"product_cat-vinos-rancios","8":"first","9":"outofstock","10":"taxable","11":"shipping-taxable","12":"purchasable","13":"product-type-variable","14":"has-default-attributes"},"acf":[],"_links":{"self":[{"href":"https:\/\/shop.costersdelpriorat.com\/es\/wp-json\/wp\/v2\/product\/403","targetHints":{"allow":["GET"]}}],"collection":[{"href":"https:\/\/shop.costersdelpriorat.com\/es\/wp-json\/wp\/v2\/product"}],"about":[{"href":"https:\/\/shop.costersdelpriorat.com\/es\/wp-json\/wp\/v2\/types\/product"}],"wp:featuredmedia":[{"embeddable":true,"href":"https:\/\/shop.costersdelpriorat.com\/es\/wp-json\/wp\/v2\/media\/446"}],"wp:attachment":[{"href":"https:\/\/shop.costersdelpriorat.com\/es\/wp-json\/wp\/v2\/media?parent=403"}],"wp:term":[{"taxonomy":"product_brand","embeddable":true,"href":"https:\/\/shop.costersdelpriorat.com\/es\/wp-json\/wp\/v2\/product_brand?post=403"},{"taxonomy":"product_cat","embeddable":true,"href":"https:\/\/shop.costersdelpriorat.com\/es\/wp-json\/wp\/v2\/product_cat?post=403"},{"taxonomy":"product_tag","embeddable":true,"href":"https:\/\/shop.costersdelpriorat.com\/es\/wp-json\/wp\/v2\/product_tag?post=403"}],"curies":[{"name":"wp","href":"https:\/\/api.w.org\/{rel}","templated":true}]}}